{"id":61532,"date":"2022-09-13T11:16:00","date_gmt":"2022-09-13T09:16:00","guid":{"rendered":"https:\/\/infea-shop.de\/?post_type=product&#038;p=61532"},"modified":"2024-06-03T18:19:49","modified_gmt":"2024-06-03T16:19:49","slug":"mein-koerper-barometer-der-seele-von-jacques-martel","status":"publish","type":"product","link":"https:\/\/infea-shop.de\/en\/product\/mein-koerper-barometer-der-seele-von-jacques-martel\/","title":{"rendered":"&#8221;Mein K\u00f6rper \u2013 Barometer der Seele&#8221; von Jacques Martel"},"content":{"rendered":"<div><strong>&#8221;Mein K\u00f6rper \u2013 Barometer der Seele&#8221; das psychosomatische Lexikon, das schon beim Lesen hilft, von Jacques Martel<\/strong><br \/>\n<strong>Gebunden, 672 Seiten<\/strong><br \/>\n<strong>ISBN 13: 9783867310970<\/strong><br \/>\n&nbsp;<br \/>\nEntdecken Sie, wo die Wurzeln Ihrer Erkrankungen liegen und welche emotionalen Hintergr\u00fcnde diese Beschwerden haben. Dieses Basisbuch der Gesundheitsvorsorge und Selbstheilung ist ein Muss f\u00fcr alle, die die k\u00f6rperlichen Signale ihrer Seele verstehen wollen und sich f\u00fcr Psychosomatik interessieren:<br \/>\n&nbsp;<br \/>\nWarum hat es gerade mich erwischt?<br \/>\n&nbsp;<br \/>\nWarum habe ich gerade diese Krankheit bekommen?<br \/>\n&nbsp;<br \/>\nWarum f\u00fchle ich mich jetzt gerade so?<br \/>\n&nbsp;<br \/>\nAls Lexikon zum Nachschlagen der Symptome verfasst, entschl\u00fcsselt dieses Buch mit seinen rund 880 Themen, welche Krankheitssymptome welchen seelischen Problemen entsprechen. Neben Sachinformationen bietet es Affirmationen zum Aktivieren der Selbstheilungskr\u00e4fte.<br \/>\n&nbsp;<br \/>\nAufgrund zahlreicher Anfragen von Klienten und Lesern und seinen umfangreichen Praxiserfahrungen hat der Autor die bew\u00e4hrte Erstausgabe von 2003 nun vollst\u00e4ndig \u00fcberarbeitet, aktualisiert und um 80 Stichw\u00f6rter erweitert.<br \/>\n&nbsp;<br \/>\nExtra: Eine spezielle Lesetechnik aktiviert Bewusstseinsprozesse und stellt die inneren Weichen auf ein positives Lebensgef\u00fchl um: Langsames, konzentriertes Lesen l\u00e4sst die Aussagen des Buches in tiefere Schichten der Seele sinken, erzeugt dort Resonanz und hilft damit, emotionale Heilung einzuleiten.<br \/>\n&nbsp;<br \/>\nSo lesen Sie sich gesund! Eine tolle Erg\u00e4nzung zum Titel Krankheit als Symbol von R\u00fcdiger Dahlke.<br \/>\n&nbsp;<br \/>\n<strong>Leseprobe:<\/strong> <a class=\"wf_file\" href=\"https:\/\/infea-shop.de\/wp-content\/uploads\/2022\/09\/Leseprobe_9783867310970_Mein-Koerper-Barometer-der-Seele_Jacques-Martel-1.pdf\"_blank\" rel=\"noopener noreferrer\"><span class=\"wf_file_text\">hier<\/span><\/p>\n","protected":false},"excerpt":{"rendered":"<p>&#8221;Mein K\u00f6rper \u2013 Barometer der Seele&#8221; das psychosomatische Lexikon, das schon beim Lesen hilft, von Jacques Martel Gebunden, 672 Seiten ISBN 13: 9783867310970 &nbsp; Entdecken Sie, wo die Wurzeln Ihrer Erkrankungen liegen und welche emotionalen Hintergr\u00fcnde diese Beschwerden haben. Dieses Basisbuch der Gesundheitsvorsorge und Selbstheilung ist ein Muss f\u00fcr alle, die die k\u00f6rperlichen Signale ihrer [&hellip;]<\/p>\n","protected":false},"featured_media":61550,"template":"","meta":{"_acf_changed":false,"footnotes":""},"product_brand":[],"product_cat":[2821,2841,2917,6194,2843],"product_tag":[],"class_list":{"0":"post-61532","1":"product","2":"type-product","3":"status-publish","4":"has-post-thumbnail","6":"product_cat-spirituelle-buecher-kalender","7":"product_cat-gesundheit-heilung","8":"product_cat-fuer-die-praxis","9":"product_cat-therapeutische-arbeit","10":"product_cat-weisheit-wissen-wege","12":"first","13":"instock","14":"taxable","15":"shipping-taxable","16":"purchasable","17":"product-type-simple"},"acf":[],"_links":{"self":[{"href":"https:\/\/infea-shop.de\/en\/wp-json\/wp\/v2\/product\/61532","targetHints":{"allow":["GET"]}}],"collection":[{"href":"https:\/\/infea-shop.de\/en\/wp-json\/wp\/v2\/product"}],"about":[{"href":"https:\/\/infea-shop.de\/en\/wp-json\/wp\/v2\/types\/product"}],"version-history":[{"count":0,"href":"https:\/\/infea-shop.de\/en\/wp-json\/wp\/v2\/product\/61532\/revisions"}],"wp:featuredmedia":[{"embeddable":true,"href":"https:\/\/infea-shop.de\/en\/wp-json\/wp\/v2\/media\/61550"}],"wp:attachment":[{"href":"https:\/\/infea-shop.de\/en\/wp-json\/wp\/v2\/media?parent=61532"}],"wp:term":[{"taxonomy":"product_brand","embeddable":true,"href":"https:\/\/infea-shop.de\/en\/wp-json\/wp\/v2\/product_brand?post=61532"},{"taxonomy":"product_cat","embeddable":true,"href":"https:\/\/infea-shop.de\/en\/wp-json\/wp\/v2\/product_cat?post=61532"},{"taxonomy":"product_tag","embeddable":true,"href":"https:\/\/infea-shop.de\/en\/wp-json\/wp\/v2\/product_tag?post=61532"}],"curies":[{"name":"wp","href":"https:\/\/api.w.org\/{rel}","templated":true}]}}