{"id":59911,"date":"2022-07-20T11:15:35","date_gmt":"2022-07-20T09:15:35","guid":{"rendered":"https:\/\/infea-shop.de\/?post_type=product&#038;p=59911"},"modified":"2022-07-20T12:56:49","modified_gmt":"2022-07-20T10:56:49","slug":"charm-blume-des-lebens-edelstahl-rose-vergoldet","status":"publish","type":"product","link":"https:\/\/infea-shop.de\/en\/product\/charm-blume-des-lebens-edelstahl-rose-vergoldet\/","title":{"rendered":"Charm &#8221;Blume des Lebens&#8221; Edelstahl ros\u00e9 vergoldet"},"content":{"rendered":"<p><strong>INFEA\u00ae Charm &#8221;Blume des Lebens&#8221; f\u00fcr Bettelarmband und mehr, Edelstahl ros\u00e9 vergoldet, Gr\u00f6\u00dfe: \u00d8 15mm &#8211; hergestellt in Deutschland und \u00d6sterreich <\/strong><\/p>\n","protected":false},"excerpt":{"rendered":"<p>INFEA\u00ae Charm &#8221;Blume des Lebens&#8221; f\u00fcr Bettelarmband und mehr, Edelstahl ros\u00e9 vergoldet, Gr\u00f6\u00dfe: \u00d8 15mm &#8211; hergestellt in Deutschland und \u00d6sterreich<\/p>\n","protected":false},"featured_media":59912,"template":"","meta":{"_acf_changed":false,"footnotes":""},"product_brand":[],"product_cat":[2875,2827,6199],"product_tag":[6609,6607],"class_list":{"0":"post-59911","1":"product","2":"type-product","3":"status-publish","4":"has-post-thumbnail","6":"product_cat-charms-2","7":"product_cat-schmuck","8":"product_cat-schmuck-fuer-sie","9":"product_tag-blume-des-lebens-klassisch","10":"product_tag-fuer-sie","12":"first","13":"instock","14":"taxable","15":"shipping-taxable","16":"purchasable","17":"product-type-simple"},"acf":[],"_links":{"self":[{"href":"https:\/\/infea-shop.de\/en\/wp-json\/wp\/v2\/product\/59911","targetHints":{"allow":["GET"]}}],"collection":[{"href":"https:\/\/infea-shop.de\/en\/wp-json\/wp\/v2\/product"}],"about":[{"href":"https:\/\/infea-shop.de\/en\/wp-json\/wp\/v2\/types\/product"}],"version-history":[{"count":0,"href":"https:\/\/infea-shop.de\/en\/wp-json\/wp\/v2\/product\/59911\/revisions"}],"wp:featuredmedia":[{"embeddable":true,"href":"https:\/\/infea-shop.de\/en\/wp-json\/wp\/v2\/media\/59912"}],"wp:attachment":[{"href":"https:\/\/infea-shop.de\/en\/wp-json\/wp\/v2\/media?parent=59911"}],"wp:term":[{"taxonomy":"product_brand","embeddable":true,"href":"https:\/\/infea-shop.de\/en\/wp-json\/wp\/v2\/product_brand?post=59911"},{"taxonomy":"product_cat","embeddable":true,"href":"https:\/\/infea-shop.de\/en\/wp-json\/wp\/v2\/product_cat?post=59911"},{"taxonomy":"product_tag","embeddable":true,"href":"https:\/\/infea-shop.de\/en\/wp-json\/wp\/v2\/product_tag?post=59911"}],"curies":[{"name":"wp","href":"https:\/\/api.w.org\/{rel}","templated":true}]}}