{"id":45838,"date":"2021-08-21T07:41:23","date_gmt":"2021-08-21T05:41:23","guid":{"rendered":"https:\/\/infea-shop.de\/?post_type=product&#038;p=45838"},"modified":"2022-08-17T11:12:24","modified_gmt":"2022-08-17T09:12:24","slug":"anhaenger-kornkreis-engel-edelstahl-satiniert-matt-mit-swarovski-kristall-silver-night","status":"publish","type":"product","link":"https:\/\/infea-shop.de\/en\/product\/anhaenger-kornkreis-engel-edelstahl-satiniert-matt-mit-swarovski-kristall-silver-night\/","title":{"rendered":"Anh\u00e4nger Kornkreis &#8221;Engel&#8221; Edelstahl satiniert matt mit Swarovski\u00ae-Kristall Silver Night \u2013 in 3 Gr\u00f6\u00dfen"},"content":{"rendered":"<p><strong>INFEA\u00ae-Anh\u00e4nger Kornkreis &#8221;Engel&#8221;, Edelstahl satiniert matt, mit Swarovski\u00ae-Kristall Silver Night (anthrazit schimmernd), Gr\u00f6\u00dfen: \u00d8 25, 35 und 50mm \u2013 hergestellt f\u00fcr dich in Deutschland und \u00d6sterreich<\/strong><br \/>\n&nbsp;<br \/>\nErfahre mehr zum Symbol &#8221;Kornkreis Engel\u201c <a href=\"https:\/\/infea-shop.de\/filter\/kornkreis-engel\/\" target=\"_blank\" rel=\"noopener\">hier<\/a><\/p>\n","protected":false},"excerpt":{"rendered":"<p>INFEA\u00ae-Anh\u00e4nger Kornkreis &#8221;Engel&#8221;, Edelstahl satiniert matt, mit Swarovski\u00ae-Kristall Silver Night (anthrazit schimmernd), Gr\u00f6\u00dfen: \u00d8 25, 35 und 50mm \u2013 hergestellt f\u00fcr dich in Deutschland und \u00d6sterreich &nbsp; Erfahre mehr zum Symbol &#8221;Kornkreis Engel\u201c hier<\/p>\n","protected":false},"featured_media":45784,"template":"","meta":{"_acf_changed":false,"footnotes":""},"product_brand":[],"product_cat":[2945,2981,2827,6199],"product_tag":[6607,6618],"class_list":{"0":"post-45838","1":"product","2":"type-product","3":"status-publish","4":"has-post-thumbnail","6":"product_cat-anhaenger","7":"product_cat-kornkreis-engel","8":"product_cat-schmuck","9":"product_cat-schmuck-fuer-sie","10":"product_tag-fuer-sie","11":"product_tag-kornkreis-engel","12":"pa_grosse-oe-25mm","13":"pa_grosse-oe-35mm","14":"pa_grosse-oe-50mm","16":"first","17":"instock","18":"taxable","19":"shipping-taxable","20":"purchasable","21":"product-type-variable"},"acf":[],"_links":{"self":[{"href":"https:\/\/infea-shop.de\/en\/wp-json\/wp\/v2\/product\/45838","targetHints":{"allow":["GET"]}}],"collection":[{"href":"https:\/\/infea-shop.de\/en\/wp-json\/wp\/v2\/product"}],"about":[{"href":"https:\/\/infea-shop.de\/en\/wp-json\/wp\/v2\/types\/product"}],"version-history":[{"count":0,"href":"https:\/\/infea-shop.de\/en\/wp-json\/wp\/v2\/product\/45838\/revisions"}],"wp:featuredmedia":[{"embeddable":true,"href":"https:\/\/infea-shop.de\/en\/wp-json\/wp\/v2\/media\/45784"}],"wp:attachment":[{"href":"https:\/\/infea-shop.de\/en\/wp-json\/wp\/v2\/media?parent=45838"}],"wp:term":[{"taxonomy":"product_brand","embeddable":true,"href":"https:\/\/infea-shop.de\/en\/wp-json\/wp\/v2\/product_brand?post=45838"},{"taxonomy":"product_cat","embeddable":true,"href":"https:\/\/infea-shop.de\/en\/wp-json\/wp\/v2\/product_cat?post=45838"},{"taxonomy":"product_tag","embeddable":true,"href":"https:\/\/infea-shop.de\/en\/wp-json\/wp\/v2\/product_tag?post=45838"}],"curies":[{"name":"wp","href":"https:\/\/api.w.org\/{rel}","templated":true}]}}