{"id":26418,"date":"2021-06-23T20:47:56","date_gmt":"2021-06-23T18:47:56","guid":{"rendered":"https:\/\/infea-store.de\/?post_type=product&#038;p=26418"},"modified":"2022-08-17T11:12:33","modified_gmt":"2022-08-17T09:12:33","slug":"gastgeber-werden","status":"publish","type":"product","link":"https:\/\/infea-shop.de\/en\/product\/gastgeber-werden\/","title":{"rendered":"Gastgeber(in) werden > Dein INFEA Symbole Event <"},"content":{"rendered":"<p>Dein INFEA Symbole Event<br \/>\n&nbsp;<br \/>\nDu m\u00f6chtest in die Welt ausgew\u00e4hlter Symbole eintauchen und ihre faszinierende Wirkung erleben? Du w\u00fcnschst Dir einen Rahmen, in dem Du mit Freunden, Bekannten oder Kollegen\/-innen in aller Ruhe unsere vielf\u00e4ltigen Produkte testen kannst und mehr zum Thema \u201eKraft der Symbole\u201c erf\u00e4hrst? Dann werde doch Gastgeber(in) eines INFEA Symbole Events und lass Dich au\u00dferdem von einem besonderen Dankesch\u00f6n \u00fcberraschen!<br \/>\n&nbsp;<br \/>\nErfahre mehr <a href=\"https:\/\/infea-shop.de\/gastgeberin-werden\/\" target=\"_blank\" rel=\"noopener\">hier<\/a><\/p>\n","protected":false},"excerpt":{"rendered":"<p>Dein INFEA Symbole Event &nbsp; Du m\u00f6chtest in die Welt ausgew\u00e4hlter Symbole eintauchen und ihre faszinierende Wirkung erleben? Du w\u00fcnschst Dir einen Rahmen, in dem Du mit Freunden, Bekannten oder Kollegen\/-innen in aller Ruhe unsere vielf\u00e4ltigen Produkte testen kannst und mehr zum Thema \u201eKraft der Symbole\u201c erf\u00e4hrst? Dann werde doch Gastgeber(in) eines INFEA Symbole Events [&hellip;]<\/p>\n","protected":false},"featured_media":44835,"template":"","meta":{"_acf_changed":false,"footnotes":""},"product_brand":[],"product_cat":[6561],"product_tag":[],"class_list":{"0":"post-26418","1":"product","2":"type-product","3":"status-publish","4":"has-post-thumbnail","6":"product_cat-seminare-beratungen","8":"first","9":"instock","10":"taxable","11":"shipping-taxable","12":"product-type-simple"},"acf":[],"_links":{"self":[{"href":"https:\/\/infea-shop.de\/en\/wp-json\/wp\/v2\/product\/26418","targetHints":{"allow":["GET"]}}],"collection":[{"href":"https:\/\/infea-shop.de\/en\/wp-json\/wp\/v2\/product"}],"about":[{"href":"https:\/\/infea-shop.de\/en\/wp-json\/wp\/v2\/types\/product"}],"version-history":[{"count":0,"href":"https:\/\/infea-shop.de\/en\/wp-json\/wp\/v2\/product\/26418\/revisions"}],"wp:featuredmedia":[{"embeddable":true,"href":"https:\/\/infea-shop.de\/en\/wp-json\/wp\/v2\/media\/44835"}],"wp:attachment":[{"href":"https:\/\/infea-shop.de\/en\/wp-json\/wp\/v2\/media?parent=26418"}],"wp:term":[{"taxonomy":"product_brand","embeddable":true,"href":"https:\/\/infea-shop.de\/en\/wp-json\/wp\/v2\/product_brand?post=26418"},{"taxonomy":"product_cat","embeddable":true,"href":"https:\/\/infea-shop.de\/en\/wp-json\/wp\/v2\/product_cat?post=26418"},{"taxonomy":"product_tag","embeddable":true,"href":"https:\/\/infea-shop.de\/en\/wp-json\/wp\/v2\/product_tag?post=26418"}],"curies":[{"name":"wp","href":"https:\/\/api.w.org\/{rel}","templated":true}]}}