{"id":25111,"date":"2021-05-31T16:18:46","date_gmt":"2021-05-31T14:18:46","guid":{"rendered":"https:\/\/infea-store.de\/?post_type=product&#038;p=25111"},"modified":"2022-08-17T11:12:37","modified_gmt":"2022-08-17T09:12:37","slug":"kostenfreie-telefonische-infea-symbol-beratung","status":"publish","type":"product","link":"https:\/\/infea-shop.de\/en\/product\/kostenfreie-telefonische-infea-symbol-beratung\/","title":{"rendered":"Kostenfreie telefonische INFEA Symbol-Beratung"},"content":{"rendered":"<p><strong>Finde den Artikel, mit dem Du in Resonanz gehst &#8211; die kostenfreie telefonische INFEA Symbol-Beratung<\/strong><\/p>\n<p>Du m\u00f6chtest hochschwingende Symbole als Wegbereiter in die neue Zeit einsetzen und universelle Ordnung, Wachstum, Heilung und Schutz f\u00fcr Dich und Dein Umfeld erzeugen? Dann bist Du hier richtig!<\/p>\n<p><strong>Die Welt ist Schwingung und jeder Mensch ist anders.<\/strong> Deshalb geht jeder unterschiedlich in Resonanz mit den kraftvollen Symbolen der Heiligen Geometrie, wie der Blume des Lebens, der MerKaBa, dem Lebensbaum oder ausgew\u00e4hlten Kornkreisen. Die hohen Schwingungen sind sp\u00fcrbar. Material und Gr\u00f6\u00dfe spielen individuell eine Rolle, wenn wir sie einsetzen wollen, um auf unserem Lebensweg bessere Ergebnisse zu erzielen! Doch wie findest Du die f\u00fcr Dich passenden Symbole in welcher Ausf\u00fchrung, mit denen Du in Resonanz gehst?<\/p>\n<p><strong>Das INFEA Institut f\u00fcr Energiearbeit ist der Anwendungsspezialist<\/strong> f\u00fcr kraftvolle und hochschwingende Symbole. Nicht nur auf Messen bieten wir unseren Kunden die M\u00f6glichkeit, die Wirkungsweise einzelner Symbole kostenfrei selbst zu testen und auszuprobieren \u2013 sondern auch telefonisch!<\/p>\n<p><strong>Du w\u00fcnschst Dir<\/strong><\/p>\n<ul>\n<li>einen Schmuckanh\u00e4nger, der Dich in Deinem Alltag unterst\u00fctzt. Du bist Dir aber nicht sicher, welches Symbol oder welche Ausf\u00fchrung bei Dir die gr\u00f6\u00dfte Resonanz erzeugt?<\/li>\n<li>Artikel f\u00fcr die Heilarbeit, zur energetischen Reinigung oder Raumharmonisierung. Du m\u00f6chtest wissen, was f\u00fcr Dich pers\u00f6nlich in Frage kommt, um bestm\u00f6gliche Ergebnisse zu erzielen?<\/li>\n<li>eine ganz besondere Geschenkidee, die nicht nur sch\u00f6n ist, sondern auch energetisch eine gute Wirkung auf den oder die Beschenkte hat?<\/li>\n<li>Durch unsere telefonische INFEA Symbol-Beratung erarbeiten wir gemeinsam den f\u00fcr Dich passenden Artikel.<\/li>\n<\/ul>\n<p><strong>Durch unsere telefonische INFEA Symbol-Beratung<\/strong> erarbeiten wir gemeinsam den f\u00fcr Dich passenden Artikel.<\/p>\n<p>Ganz unabh\u00e4ngig davon, ob Du \u201esp\u00fcrig\u201c bist und mit Hilfe von Symbol-Bildern auf Deinem Bildschirm wahrnehmen kannst mit welchen Symbolen Du in Resonanz gehst oder ob Du Dir unsicher bist oder meinst, vielleicht gar nichts wahrzunehmen &#8211; ganz gleich wo Du stehst, wir holen Dich dort ab, wo Du gerade bist und nehmen Dich mit in die wundervolle Welt der kraftvollen Symbole. Lass Dich \u00fcberraschen!<\/p>\n<p>Wie kommst Du nun in den Genuss unserer kostenfreien und kompetenten Beratung?<\/p>\n<p>1. Nimm hier Kontakt mit uns auf.<\/p>\n<p>2. Schreibe uns kurz Deinen Namen, Deine Rufnummer (falls eine E-Mail im Spam landet).<\/p>\n<p>3. Schreibe uns unter \u201eIhr Anliegen\u201c, was Du Dir w\u00fcnschst und mache uns doch auch gleich zwei Vorschl\u00e4ge, wann Du in den n\u00e4chsten Tagen Zeit f\u00fcr die INFEA Symbol-Beratung hast.<\/p>\n<p>4. Schicke die Anfrage mit einem Klick auf \u201eAbsenden\u201c an uns ab.<\/p>\n<p>5. Wir melden uns per E-Mail bei Dir, um den Telefontermin mit Dir abzustimmen.<\/p>\n<p><strong>Viele unserer Kunden<\/strong> berichten uns \u00fcber erstaunliche und freudige Ver\u00e4nderungen in ihrem Leben, seitdem sie mit kraftvollen und hochschwingenden Symbolen arbeiten. Vielleicht ja bald auch Du?<\/p>\n<p>Wir freuen uns auf Dich!<\/p>\n<p>Dein INFEA-Team<\/p>\n<p>P.S.: Du m\u00f6chtest uns schon vorher einmal in einem Video kennenlernen? Dann schau doch mal <a href=\"https:\/\/www.youtube.com\/watch?v=WwrdHCei2rQ\" target=\"_blank\" rel=\"noopener\">hier<\/a>.<\/p>\n","protected":false},"excerpt":{"rendered":"<p>Finde den Artikel, mit dem Du in Resonanz gehst &#8211; die kostenfreie telefonische INFEA Symbol-Beratung Du m\u00f6chtest hochschwingende Symbole als Wegbereiter in die neue Zeit einsetzen und universelle Ordnung, Wachstum, Heilung und Schutz f\u00fcr Dich und Dein Umfeld erzeugen? Dann bist Du hier richtig! Die Welt ist Schwingung und jeder Mensch ist anders. Deshalb geht [&hellip;]<\/p>\n","protected":false},"featured_media":44833,"template":"","meta":{"_acf_changed":false,"footnotes":""},"product_brand":[],"product_cat":[6561,3017],"product_tag":[],"class_list":{"0":"post-25111","1":"product","2":"type-product","3":"status-publish","4":"has-post-thumbnail","6":"product_cat-seminare-beratungen","7":"product_cat-neu","9":"first","10":"instock","11":"virtual","12":"taxable","13":"product-type-simple"},"acf":[],"_links":{"self":[{"href":"https:\/\/infea-shop.de\/en\/wp-json\/wp\/v2\/product\/25111","targetHints":{"allow":["GET"]}}],"collection":[{"href":"https:\/\/infea-shop.de\/en\/wp-json\/wp\/v2\/product"}],"about":[{"href":"https:\/\/infea-shop.de\/en\/wp-json\/wp\/v2\/types\/product"}],"version-history":[{"count":0,"href":"https:\/\/infea-shop.de\/en\/wp-json\/wp\/v2\/product\/25111\/revisions"}],"wp:featuredmedia":[{"embeddable":true,"href":"https:\/\/infea-shop.de\/en\/wp-json\/wp\/v2\/media\/44833"}],"wp:attachment":[{"href":"https:\/\/infea-shop.de\/en\/wp-json\/wp\/v2\/media?parent=25111"}],"wp:term":[{"taxonomy":"product_brand","embeddable":true,"href":"https:\/\/infea-shop.de\/en\/wp-json\/wp\/v2\/product_brand?post=25111"},{"taxonomy":"product_cat","embeddable":true,"href":"https:\/\/infea-shop.de\/en\/wp-json\/wp\/v2\/product_cat?post=25111"},{"taxonomy":"product_tag","embeddable":true,"href":"https:\/\/infea-shop.de\/en\/wp-json\/wp\/v2\/product_tag?post=25111"}],"curies":[{"name":"wp","href":"https:\/\/api.w.org\/{rel}","templated":true}]}}