{"id":22013,"date":"2020-07-04T08:13:28","date_gmt":"2020-07-04T06:13:28","guid":{"rendered":"https:\/\/infeastore.de\/?post_type=product&#038;p=22013"},"modified":"2025-12-12T08:35:57","modified_gmt":"2025-12-12T07:35:57","slug":"kartenset-die-liegende-acht-barbara-heider-rauter","status":"publish","type":"product","link":"https:\/\/infea-shop.de\/en\/product\/kartenset-die-liegende-acht-barbara-heider-rauter\/","title":{"rendered":"Kartenset: &#8221;Die liegende Acht&#8221; Barbara Heider-Rauter"},"content":{"rendered":"<p><strong>Kartenset: &#8220;Die liegende Acht&#8221; &#8211; Barbara Heider-Rauter<\/strong><br \/>\n<strong>Broschiert<\/strong><br \/>\n<strong>44 Karten mit Begleitbuch<\/strong><br \/>\n<strong>ISBN 13: 9783843491235<\/strong><br \/>\n&nbsp;<br \/>\n44 Karten mit beruhigenden Naturaufnahmen und friedvoller Weisheit<br \/>\n&nbsp;<br \/>\nDas Symbol der liegenden Acht ist ein \u00e4u\u00dferst kraftvolles und wirksames Hilfsmittel, das uns auf unserem irdischen Weg in ein tieferes Verst\u00e4ndnis der dualen Zusammenh\u00e4nge finden l\u00e4sst. Die Lemniskate unterst\u00fctzt uns dabei, unser Leben und die Ereignisse mit Harmonie zu durchfluten. Wir finden in eine emotionale Balance, aus der die Lebensfreude und Lebenskraft erwachsen kann. Mit diesen Karten und ihrer harmonisierenden Kraft der liegenden Acht halten wir eine Unterst\u00fctzung in den H\u00e4nden, die trotz ihrer einfachen Handhabung gro\u00dfe Auswirkungen auf unser t\u00e4gliches Leben haben wird.<br \/>\n&nbsp;<br \/>\nDer Einsatz der liegenden Acht hilft uns dabei, alles, was im Ungleichgewicht ist, in eine neue Harmonie und in den ewigen Fluss der energetischen ausgewogenheit zu bringen. Wenn wir verstehen, dass die L\u00f6sung unserer Unausgeglichenheit in der Vereinigung der dualen Gegens\u00e4tze liegt und nicht in der Trennung derselben, haben wir eine neue Stufe des Erwachens erkommen.<br \/>\n&nbsp;<br \/>\nDie 44 Karten sind ein aktiver Begleiter f\u00fcr alle Menschen, die auf dem Weg zu sich selbst und ihrer innersten Sch\u00f6pferquelle der Weisheit sind. Die liegende Acht gibt uns die M\u00f6glichkeit, bei uns selbst zu beginnen, in uns den Frieden, die Harmonie und das gelebte Herzensgl\u00fcck zu entfalten, damit wir dann auch die Welt um uns herum lichtvoll ver\u00e4ndern k\u00f6nnen.<br \/>\n&nbsp;<br \/>\n<strong>Die Autorin:<\/strong> Barbara Heider-Rauter, die seit ihrer Kindheit hellsichtig und hellf\u00fchlig ist, hat den Kontakt zu den lichtvollen Begleitern bis heute nie verloren. Sie arbeitet als spirituelle Lebensbegleiterin. Es ist ihr ein gro\u00dfes Anliegen, ratsuchenden Menschen voller Liebe den Weg zu deren eigenen Potenzialen zu er\u00f6ffnen. Durch ihre angeborene Sensitivit\u00e4t und Medialit\u00e4t begann ihr spiritueller Weg bereits sehr fr\u00fch. Sie bietet Meditationsabende und Seminare zum Thema Farben an, arbeitet weltweit als Lehrerin f\u00fcr Aura-Soma und f\u00fchrt seit mehreren Jahren eine Buchhandlung in Salzburg.<br \/>\n&nbsp;<br \/>\nLeseprobe: <a href=\"https:\/\/infea-shop.de\/wp-content\/uploads\/2020\/07\/9783843491235_Leseprobe_Kartenset_Die-liegende_Acht_-Barbara_Heider-Rauter.pdf\" target=\"_blank\" rel=\"noopener noreferrer\"><span class=\"wf_file_text\">hier<\/span><\/a><\/p>\n","protected":false},"excerpt":{"rendered":"<p>Kartenset: &#8220;Die liegende Acht&#8221; &#8211; Barbara Heider-Rauter Broschiert 44 Karten mit Begleitbuch ISBN 13: 9783843491235 &nbsp; 44 Karten mit beruhigenden Naturaufnahmen und friedvoller Weisheit &nbsp; Das Symbol der liegenden Acht ist ein \u00e4u\u00dferst kraftvolles und wirksames Hilfsmittel, das uns auf unserem irdischen Weg in ein tieferes Verst\u00e4ndnis der dualen Zusammenh\u00e4nge finden l\u00e4sst. Die Lemniskate unterst\u00fctzt [&hellip;]<\/p>\n","protected":false},"featured_media":22014,"template":"","meta":{"_acf_changed":false,"footnotes":""},"product_brand":[],"product_cat":[2837,2821,2839],"product_tag":[6640,6622],"class_list":{"0":"post-22013","1":"product","2":"type-product","3":"status-publish","4":"has-post-thumbnail","6":"product_cat-blume-des-lebens-heilige-geometrie","7":"product_cat-spirituelle-buecher-kalender","8":"product_cat-kartensets-kalender","9":"product_tag-liegende-acht","10":"product_tag-weitere-symbole","12":"first","13":"instock","14":"taxable","15":"shipping-taxable","16":"purchasable","17":"product-type-simple"},"acf":[],"_links":{"self":[{"href":"https:\/\/infea-shop.de\/en\/wp-json\/wp\/v2\/product\/22013","targetHints":{"allow":["GET"]}}],"collection":[{"href":"https:\/\/infea-shop.de\/en\/wp-json\/wp\/v2\/product"}],"about":[{"href":"https:\/\/infea-shop.de\/en\/wp-json\/wp\/v2\/types\/product"}],"version-history":[{"count":0,"href":"https:\/\/infea-shop.de\/en\/wp-json\/wp\/v2\/product\/22013\/revisions"}],"wp:featuredmedia":[{"embeddable":true,"href":"https:\/\/infea-shop.de\/en\/wp-json\/wp\/v2\/media\/22014"}],"wp:attachment":[{"href":"https:\/\/infea-shop.de\/en\/wp-json\/wp\/v2\/media?parent=22013"}],"wp:term":[{"taxonomy":"product_brand","embeddable":true,"href":"https:\/\/infea-shop.de\/en\/wp-json\/wp\/v2\/product_brand?post=22013"},{"taxonomy":"product_cat","embeddable":true,"href":"https:\/\/infea-shop.de\/en\/wp-json\/wp\/v2\/product_cat?post=22013"},{"taxonomy":"product_tag","embeddable":true,"href":"https:\/\/infea-shop.de\/en\/wp-json\/wp\/v2\/product_tag?post=22013"}],"curies":[{"name":"wp","href":"https:\/\/api.w.org\/{rel}","templated":true}]}}