{"id":14152,"date":"2017-02-23T09:42:32","date_gmt":"2017-02-23T08:42:32","guid":{"rendered":"http:\/\/infeastore.de\/?post_type=product&#038;p=14152"},"modified":"2022-08-17T11:14:24","modified_gmt":"2022-08-17T09:14:24","slug":"die-kraft-der-liegenden-acht-barbara-heider-rauter","status":"publish","type":"product","link":"https:\/\/infea-shop.de\/en\/product\/die-kraft-der-liegenden-acht-barbara-heider-rauter\/","title":{"rendered":"&#8221;Die Kraft der liegenden Acht&#8221; &#8211; Barbara Heider-Rauter"},"content":{"rendered":"<p><strong>&#8221;Die Kraft der liegenden Acht&#8221; von Barbara Heider-Rauter<\/strong><br \/>\n<strong>Broschiert, ca. 136 Seiten<\/strong><br \/>\n<strong>ISBN 13: 9783843412445<\/strong><br \/>\n&nbsp;<br \/>\nJeder kennt dieses Symbol \u2013 kaum jemand wei\u00df, welche Kraft es in sich tr\u00e4gt.<br \/>\n&nbsp;<br \/>\nDie liegende Acht, auch als Lemniskate bekannt, steht f\u00fcr das Unendliche, die immerw\u00e4hrende Entwicklung und den Ausgleich. Sie bringt uns in vollkommene Balance und Harmonie in unser Leben. Auch deiner Partnerschaft wird mit der ausgleichenden Schwingung der Lemniskate von Harmonie erf\u00fcllt sein!<br \/>\n&nbsp;<br \/>\n<b>Barbara Heider-Rauter<\/b>, erfahrene Seminarleiterin und Therapeutin sowie eine der f\u00fchrenden Aura-Soma-Expertinnen, nimmt Sie in diesem Buch mit in die spirituelle Welt der liegenden Acht. Erfahren Sie alles Wissenswerte zu diesem lichtvollen Symbol. Verbinden Sie dank vieler einfacher \u00dcbungen und Tipps Ihre beiden Hirnh\u00e4lften, Gef\u00fchl und Verstand, wieder optimal miteinander, finden Sie leichter zu Entscheidungen und verbessern Sie auf spielerische Weise Ihre Beziehung zu anderen.<br \/>\n&nbsp;<br \/>\n<\/b>Leseprobe:<\/b> <a href=\"https:\/\/infea-shop.de\/wp-content\/uploads\/2020\/08\/Leseprobe_9783843412445_Die-Kraft-der-liegenden-Acht_Barbara-Heider_Rauter.pdf\" target=\"_blank\" rel=\"noopener noreferrer\">hier<\/a><\/p>\n","protected":false},"excerpt":{"rendered":"<p>&#8221;Die Kraft der liegenden Acht&#8221; von Barbara Heider-Rauter Broschiert, ca. 136 Seiten ISBN 13: 9783843412445 &nbsp; Jeder kennt dieses Symbol \u2013 kaum jemand wei\u00df, welche Kraft es in sich tr\u00e4gt. &nbsp; Die liegende Acht, auch als Lemniskate bekannt, steht f\u00fcr das Unendliche, die immerw\u00e4hrende Entwicklung und den Ausgleich. Sie bringt uns in vollkommene Balance und [&hellip;]<\/p>\n","protected":false},"featured_media":14153,"template":"","meta":{"_acf_changed":false,"footnotes":""},"product_brand":[],"product_cat":[2837,2821,2843],"product_tag":[6640,6622],"class_list":{"0":"post-14152","1":"product","2":"type-product","3":"status-publish","4":"has-post-thumbnail","6":"product_cat-blume-des-lebens-heilige-geometrie","7":"product_cat-spirituelle-buecher-kalender","8":"product_cat-weisheit-wissen-wege","9":"product_tag-liegende-acht","10":"product_tag-weitere-symbole","12":"first","13":"instock","14":"taxable","15":"shipping-taxable","16":"purchasable","17":"product-type-simple"},"acf":[],"_links":{"self":[{"href":"https:\/\/infea-shop.de\/en\/wp-json\/wp\/v2\/product\/14152","targetHints":{"allow":["GET"]}}],"collection":[{"href":"https:\/\/infea-shop.de\/en\/wp-json\/wp\/v2\/product"}],"about":[{"href":"https:\/\/infea-shop.de\/en\/wp-json\/wp\/v2\/types\/product"}],"version-history":[{"count":0,"href":"https:\/\/infea-shop.de\/en\/wp-json\/wp\/v2\/product\/14152\/revisions"}],"wp:featuredmedia":[{"embeddable":true,"href":"https:\/\/infea-shop.de\/en\/wp-json\/wp\/v2\/media\/14153"}],"wp:attachment":[{"href":"https:\/\/infea-shop.de\/en\/wp-json\/wp\/v2\/media?parent=14152"}],"wp:term":[{"taxonomy":"product_brand","embeddable":true,"href":"https:\/\/infea-shop.de\/en\/wp-json\/wp\/v2\/product_brand?post=14152"},{"taxonomy":"product_cat","embeddable":true,"href":"https:\/\/infea-shop.de\/en\/wp-json\/wp\/v2\/product_cat?post=14152"},{"taxonomy":"product_tag","embeddable":true,"href":"https:\/\/infea-shop.de\/en\/wp-json\/wp\/v2\/product_tag?post=14152"}],"curies":[{"name":"wp","href":"https:\/\/api.w.org\/{rel}","templated":true}]}}