{"id":13660,"date":"2016-09-29T03:30:29","date_gmt":"2016-09-29T03:30:29","guid":{"rendered":"http:\/\/infeastore.de\/?post_type=product&#038;p=13660"},"modified":"2022-08-17T11:14:25","modified_gmt":"2022-08-17T09:14:25","slug":"kartenset-blume-des-lebens-barbara-heider-rauter","status":"publish","type":"product","link":"https:\/\/infea-shop.de\/en\/product\/kartenset-blume-des-lebens-barbara-heider-rauter\/","title":{"rendered":"Kartenset: &#8221;Blume des Lebens&#8221; Barbara Heider-Rauter"},"content":{"rendered":"<p><strong>Kartenset: &#8220;Blume des Lebens&#8221; &#8211; Barbara Heider-Rauter<\/strong><br \/>\n<strong>Broschiert, <\/strong><strong>50 Karten mit Begleitbuch<\/strong><br \/>\n<strong>ISBN 13: 9783843490733<\/strong><br \/>\n&nbsp;<br \/>\n50 Karten mit beruhigenden Naturaufnahmen und friedvoller Weisheit<br \/>\n&nbsp;<br \/>\nDie Blume des Lebens ist das vollkommenste und kraftvollste Energiesymbol aus der Heiligen Geometrie. Mit ihr gelingt es uns leicht, unser Leben in Balance zu bringen. Sie erinnert uns daran, dass wir alle ein Teil der g\u00f6ttlichen Sch\u00f6pfung sind und jeder mit jedem verbunden ist. Ziehen Sie t\u00e4glich eine der lichtvollen Karten. Oder nutzen Sie sie zur Unterst\u00fctzung Ihrer inneren Einkehr und auch zur Energetisierung Ihres Wassers. So wird dieses Set zu einem wertvollen Impulsgeber f\u00fcr Ihren Alltag.<br \/>\n&nbsp;<br \/>\nDie Lebensblume bringt jedes Thema in die Leichtigkeit und l\u00e4dt F\u00fclle und Vollkommenheit in Ihr Leben ein!<br \/>\n&nbsp;<br \/>\n<strong>Die Autorin:<\/strong> Barbara Heider-Rauter, die seit ihrer Kindheit hellsichtig und hellf\u00fchlig ist, hat den Kontakt zu den lichtvollen Begleitern bis heute nie verloren. Sie arbeitet als spirituelle Lebensbegleiterin. Es ist ihr ein gro\u00dfes Anliegen, ratsuchenden Menschen voller Liebe den Weg zu deren eigenen Potenzialen zu er\u00f6ffnen. Durch ihre angeborene Sensitivit\u00e4t und Medialit\u00e4t begann ihr spiritueller Weg bereits sehr fr\u00fch. Sie bietet Meditationsabende und Seminare zum Thema Farben an, arbeitet weltweit als Lehrerin f\u00fcr Aura-Soma und f\u00fchrt seit mehreren Jahren eine Buchhandlung in Salzburg.<br \/>\n&nbsp;<br \/>\nLeseprobe: <a href=\"https:\/\/infea-shop.de\/wp-content\/uploads\/2016\/09\/Leseprobe_Kartenset_Blume-des-Lebens_9783843490733.pdf\" target=\"_blank\" rel=\"noopener\">hier<\/a><\/p>\n","protected":false},"excerpt":{"rendered":"<p>Kartenset: &#8220;Blume des Lebens&#8221; &#8211; Barbara Heider-Rauter Broschiert, 50 Karten mit Begleitbuch ISBN 13: 9783843490733 &nbsp; 50 Karten mit beruhigenden Naturaufnahmen und friedvoller Weisheit &nbsp; Die Blume des Lebens ist das vollkommenste und kraftvollste Energiesymbol aus der Heiligen Geometrie. Mit ihr gelingt es uns leicht, unser Leben in Balance zu bringen. Sie erinnert uns daran, [&hellip;]<\/p>\n","protected":false},"featured_media":13661,"template":"","meta":{"_acf_changed":false,"footnotes":""},"product_brand":[],"product_cat":[2837,2821,2839],"product_tag":[6609],"class_list":{"0":"post-13660","1":"product","2":"type-product","3":"status-publish","4":"has-post-thumbnail","6":"product_cat-blume-des-lebens-heilige-geometrie","7":"product_cat-spirituelle-buecher-kalender","8":"product_cat-kartensets-kalender","9":"product_tag-blume-des-lebens-klassisch","11":"first","12":"instock","13":"taxable","14":"shipping-taxable","15":"purchasable","16":"product-type-simple"},"acf":[],"_links":{"self":[{"href":"https:\/\/infea-shop.de\/en\/wp-json\/wp\/v2\/product\/13660","targetHints":{"allow":["GET"]}}],"collection":[{"href":"https:\/\/infea-shop.de\/en\/wp-json\/wp\/v2\/product"}],"about":[{"href":"https:\/\/infea-shop.de\/en\/wp-json\/wp\/v2\/types\/product"}],"version-history":[{"count":0,"href":"https:\/\/infea-shop.de\/en\/wp-json\/wp\/v2\/product\/13660\/revisions"}],"wp:featuredmedia":[{"embeddable":true,"href":"https:\/\/infea-shop.de\/en\/wp-json\/wp\/v2\/media\/13661"}],"wp:attachment":[{"href":"https:\/\/infea-shop.de\/en\/wp-json\/wp\/v2\/media?parent=13660"}],"wp:term":[{"taxonomy":"product_brand","embeddable":true,"href":"https:\/\/infea-shop.de\/en\/wp-json\/wp\/v2\/product_brand?post=13660"},{"taxonomy":"product_cat","embeddable":true,"href":"https:\/\/infea-shop.de\/en\/wp-json\/wp\/v2\/product_cat?post=13660"},{"taxonomy":"product_tag","embeddable":true,"href":"https:\/\/infea-shop.de\/en\/wp-json\/wp\/v2\/product_tag?post=13660"}],"curies":[{"name":"wp","href":"https:\/\/api.w.org\/{rel}","templated":true}]}}