{"id":134326,"date":"2026-01-25T13:30:02","date_gmt":"2026-01-25T12:30:02","guid":{"rendered":"https:\/\/infea-shop.de\/?post_type=product&#038;p=134326"},"modified":"2026-01-25T14:46:59","modified_gmt":"2026-01-25T13:46:59","slug":"pyjama-longsleeve-shirt-apricot-bio-baumwolle-von-the-spirit-of-om-nur-1-x-in-xs","status":"publish","type":"product","link":"https:\/\/infea-shop.de\/en\/product\/pyjama-longsleeve-shirt-apricot-bio-baumwolle-von-the-spirit-of-om-nur-1-x-in-xs\/","title":{"rendered":"Pyjama-Longsleeve Shirt apricot Bio-Baumwolle von The Spirit of OM nur 1 x in XS"},"content":{"rendered":"<p><strong>Pyjama-Longsleeve Shirt apricot Bio-Baumwolle von The Spirit of OM, Gr\u00f6\u00dfen: leider nur noch 1 Exemplare in XS (urspr\u00fcnglich \u20ac 45,95)<\/strong><\/p>\n<p>Material: 100 % Baumwolle (kontrollierter biologischer Anbau), angereichert mit mikrofeinem Rosenquarz \u2013 hergestellt in Europa<\/p>\n<p>Tolles hochwertig gearbeiteites Nachthemd zum Wohlf\u00fchlen mit sch\u00f6nem Dekor aus kraftvollen Symbolen. <\/p>\n<p>lockere Passform<br \/>\n&#8211; gerader Schnitt<br \/>\n&#8211; ohne Elastan<br \/>\n&#8211; femininer Look<br \/>\n&#8211; geeignet f\u00fcr empflindliche Haut<br \/>\n&#8211; vegan<\/p>\n<p>Damenoberteil:<\/p>\n<p>Brustumfang: Messen Sie horizontal um den K\u00f6rper an der st\u00e4rksten Stelle der Brust!<\/p>\n<table border=\"1\">\n<tbody>\n<tr>\n<td><strong>XS<\/strong><\/td>\n<td><strong>34<\/strong><\/td>\n<td>78-83cm<\/td>\n<\/tr>\n<\/tbody>\n<\/table>\n","protected":false},"excerpt":{"rendered":"<p>Pyjama-Longsleeve Shirt apricot Bio-Baumwolle von The Spirit of OM, Gr\u00f6\u00dfen: leider nur noch 1 Exemplare in XS (urspr\u00fcnglich \u20ac 45,95) Material: 100 % Baumwolle (kontrollierter biologischer Anbau), angereichert mit mikrofeinem Rosenquarz \u2013 hergestellt in Europa Tolles hochwertig gearbeiteites Nachthemd zum Wohlf\u00fchlen mit sch\u00f6nem Dekor aus kraftvollen Symbolen. lockere Passform &#8211; gerader Schnitt &#8211; ohne Elastan [&hellip;]<\/p>\n","protected":false},"featured_media":134330,"template":"","meta":{"_acf_changed":false,"footnotes":""},"product_brand":[],"product_cat":[3009],"product_tag":[],"class_list":{"0":"post-134326","1":"product","2":"type-product","3":"status-publish","4":"has-post-thumbnail","6":"product_cat-specials","8":"first","9":"instock","10":"sale","11":"taxable","12":"shipping-taxable","13":"purchasable","14":"product-type-simple"},"acf":[],"_links":{"self":[{"href":"https:\/\/infea-shop.de\/en\/wp-json\/wp\/v2\/product\/134326","targetHints":{"allow":["GET"]}}],"collection":[{"href":"https:\/\/infea-shop.de\/en\/wp-json\/wp\/v2\/product"}],"about":[{"href":"https:\/\/infea-shop.de\/en\/wp-json\/wp\/v2\/types\/product"}],"version-history":[{"count":0,"href":"https:\/\/infea-shop.de\/en\/wp-json\/wp\/v2\/product\/134326\/revisions"}],"wp:featuredmedia":[{"embeddable":true,"href":"https:\/\/infea-shop.de\/en\/wp-json\/wp\/v2\/media\/134330"}],"wp:attachment":[{"href":"https:\/\/infea-shop.de\/en\/wp-json\/wp\/v2\/media?parent=134326"}],"wp:term":[{"taxonomy":"product_brand","embeddable":true,"href":"https:\/\/infea-shop.de\/en\/wp-json\/wp\/v2\/product_brand?post=134326"},{"taxonomy":"product_cat","embeddable":true,"href":"https:\/\/infea-shop.de\/en\/wp-json\/wp\/v2\/product_cat?post=134326"},{"taxonomy":"product_tag","embeddable":true,"href":"https:\/\/infea-shop.de\/en\/wp-json\/wp\/v2\/product_tag?post=134326"}],"curies":[{"name":"wp","href":"https:\/\/api.w.org\/{rel}","templated":true}]}}