{"id":134316,"date":"2026-01-25T11:10:39","date_gmt":"2026-01-25T10:10:39","guid":{"rendered":"https:\/\/infea-shop.de\/?post_type=product&#038;p=134316"},"modified":"2026-01-25T11:17:06","modified_gmt":"2026-01-25T10:17:06","slug":"nachthemd-apricot-bio-baumwolle-von-the-spirit-of-om-nur-1-x-in-xs","status":"publish","type":"product","link":"https:\/\/infea-shop.de\/en\/product\/nachthemd-apricot-bio-baumwolle-von-the-spirit-of-om-nur-1-x-in-xs\/","title":{"rendered":"Nachthemd apricot Bio-Baumwolle von The Spirit of OM nur 1 x in XS"},"content":{"rendered":"<p><strong>Nachthemd apricot Bio-Baumwolle von The Spirit of OM, Gr\u00f6\u00dfen: leider nur noch 1 Exemplare in XS (urspr\u00fcnglich \u20ac 49,95)<\/strong><\/p>\n<p>Material: 100 % Baumwolle (kontrollierter biologischer Anbau), angereichert mit mikrofeinem Rosenquarz \u2013 hergestellt in Europa<\/p>\n<p>Tolles hochwertig gearbeiteites nachthemd zum Wohlf\u00fchlen mit Pailetten und sch\u00f6nem Dekor aus kraftvollen Symbolen. <\/p>\n<p>lockere Passform<br \/>\n&#8211; gerader Schnitt<br \/>\n&#8211; ohne Elastan<br \/>\n&#8211; kurze \u00c4rmel<br \/>\n&#8211; femininer Look<br \/>\n&#8211; geeignet f\u00fcr empflindliche Haut<br \/>\n&#8211; vegan<\/p>\n<p>Damenoberteil:<\/p>\n<p>Brustumfang: Messen Sie horizontal um den K\u00f6rper an der st\u00e4rksten Stelle der Brust!<\/p>\n<table border=\"1\">\n<tbody>\n<tr>\n<td><strong>XS<\/strong><\/td>\n<td><strong>34<\/strong><\/td>\n<td>78-83cm<\/td>\n<\/tr>\n<\/tbody>\n<\/table>\n","protected":false},"excerpt":{"rendered":"<p>Nachthemd apricot Bio-Baumwolle von The Spirit of OM, Gr\u00f6\u00dfen: leider nur noch 1 Exemplare in XS (urspr\u00fcnglich \u20ac 49,95) Material: 100 % Baumwolle (kontrollierter biologischer Anbau), angereichert mit mikrofeinem Rosenquarz \u2013 hergestellt in Europa Tolles hochwertig gearbeiteites nachthemd zum Wohlf\u00fchlen mit Pailetten und sch\u00f6nem Dekor aus kraftvollen Symbolen. lockere Passform &#8211; gerader Schnitt &#8211; ohne [&hellip;]<\/p>\n","protected":false},"featured_media":48773,"template":"","meta":{"_acf_changed":false,"footnotes":""},"product_brand":[],"product_cat":[],"product_tag":[],"class_list":{"0":"post-134316","1":"product","2":"type-product","3":"status-publish","4":"has-post-thumbnail","7":"first","8":"instock","9":"taxable","10":"shipping-taxable","11":"purchasable","12":"product-type-simple"},"acf":[],"_links":{"self":[{"href":"https:\/\/infea-shop.de\/en\/wp-json\/wp\/v2\/product\/134316","targetHints":{"allow":["GET"]}}],"collection":[{"href":"https:\/\/infea-shop.de\/en\/wp-json\/wp\/v2\/product"}],"about":[{"href":"https:\/\/infea-shop.de\/en\/wp-json\/wp\/v2\/types\/product"}],"version-history":[{"count":0,"href":"https:\/\/infea-shop.de\/en\/wp-json\/wp\/v2\/product\/134316\/revisions"}],"wp:featuredmedia":[{"embeddable":true,"href":"https:\/\/infea-shop.de\/en\/wp-json\/wp\/v2\/media\/48773"}],"wp:attachment":[{"href":"https:\/\/infea-shop.de\/en\/wp-json\/wp\/v2\/media?parent=134316"}],"wp:term":[{"taxonomy":"product_brand","embeddable":true,"href":"https:\/\/infea-shop.de\/en\/wp-json\/wp\/v2\/product_brand?post=134316"},{"taxonomy":"product_cat","embeddable":true,"href":"https:\/\/infea-shop.de\/en\/wp-json\/wp\/v2\/product_cat?post=134316"},{"taxonomy":"product_tag","embeddable":true,"href":"https:\/\/infea-shop.de\/en\/wp-json\/wp\/v2\/product_tag?post=134316"}],"curies":[{"name":"wp","href":"https:\/\/api.w.org\/{rel}","templated":true}]}}