{"id":134242,"date":"2025-12-13T20:15:41","date_gmt":"2025-12-13T19:15:41","guid":{"rendered":"https:\/\/infea-shop.de\/?post_type=product&#038;p=134242"},"modified":"2025-12-14T09:49:24","modified_gmt":"2025-12-14T08:49:24","slug":"shirt-flower-of-harmony-bio-baumwolle-von-the-spirit-of-om","status":"publish","type":"product","link":"https:\/\/infea-shop.de\/en\/product\/shirt-flower-of-harmony-bio-baumwolle-von-the-spirit-of-om\/","title":{"rendered":"Shirt &#8221;Flower of Harmony&#8221; Bio-Baumwolle von The Spirit of OM nur 1 x in S"},"content":{"rendered":"<p><strong>Shirt &#8221;Flower of Harmony&#8221; aus Bio-Baumwolle von The Spirit of OM, schwarz, Gr\u00f6\u00dfen: leider nur noch 1 Exemplare in S (urspr\u00fcnglich \u20ac 59,95)<\/strong><\/p>\n<p>Material: 100 % Baumwolle (kontrollierter biologischer Anbau), angereichert mit mikrofeinem Turmalin \u2013 hergestellt in Europa<\/p>\n<p>Besonderes Shirt mit Flower of Harmony-Print, der das Saat des Lebens Symbol im Zentrum beherbergt. Die Strasssteinen und kleine Details sowie der eingearbeitete Turmalin (gilt als Schutzstein) machen das Shirt zum Liebling&#8230;<\/p>\n<p>Damenoberteil:<\/p>\n<p>Brustumfang: Messen Sie horizontal um den K\u00f6rper an der st\u00e4rksten Stelle der Brust!<\/p>\n<table border=\"1\">\n<tbody>\n<tr>\n<td><strong>S<\/strong><\/td>\n<td><strong>34\/36<\/strong><\/td>\n<td>78-85cm<\/td>\n<\/tr>\n<\/tbody>\n<\/table>\n","protected":false},"excerpt":{"rendered":"<p>Shirt &#8221;Flower of Harmony&#8221; aus Bio-Baumwolle von The Spirit of OM, schwarz, Gr\u00f6\u00dfen: leider nur noch 1 Exemplare in S (urspr\u00fcnglich \u20ac 59,95) Material: 100 % Baumwolle (kontrollierter biologischer Anbau), angereichert mit mikrofeinem Turmalin \u2013 hergestellt in Europa Besonderes Shirt mit Flower of Harmony-Print, der das Saat des Lebens Symbol im Zentrum beherbergt. Die Strasssteinen [&hellip;]<\/p>\n","protected":false},"featured_media":134243,"template":"","meta":{"_acf_changed":false,"footnotes":""},"product_brand":[],"product_cat":[3009],"product_tag":[],"class_list":{"0":"post-134242","1":"product","2":"type-product","3":"status-publish","4":"has-post-thumbnail","6":"product_cat-specials","8":"first","9":"instock","10":"taxable","11":"shipping-taxable","12":"purchasable","13":"product-type-simple"},"acf":[],"_links":{"self":[{"href":"https:\/\/infea-shop.de\/en\/wp-json\/wp\/v2\/product\/134242","targetHints":{"allow":["GET"]}}],"collection":[{"href":"https:\/\/infea-shop.de\/en\/wp-json\/wp\/v2\/product"}],"about":[{"href":"https:\/\/infea-shop.de\/en\/wp-json\/wp\/v2\/types\/product"}],"version-history":[{"count":0,"href":"https:\/\/infea-shop.de\/en\/wp-json\/wp\/v2\/product\/134242\/revisions"}],"wp:featuredmedia":[{"embeddable":true,"href":"https:\/\/infea-shop.de\/en\/wp-json\/wp\/v2\/media\/134243"}],"wp:attachment":[{"href":"https:\/\/infea-shop.de\/en\/wp-json\/wp\/v2\/media?parent=134242"}],"wp:term":[{"taxonomy":"product_brand","embeddable":true,"href":"https:\/\/infea-shop.de\/en\/wp-json\/wp\/v2\/product_brand?post=134242"},{"taxonomy":"product_cat","embeddable":true,"href":"https:\/\/infea-shop.de\/en\/wp-json\/wp\/v2\/product_cat?post=134242"},{"taxonomy":"product_tag","embeddable":true,"href":"https:\/\/infea-shop.de\/en\/wp-json\/wp\/v2\/product_tag?post=134242"}],"curies":[{"name":"wp","href":"https:\/\/api.w.org\/{rel}","templated":true}]}}