{"id":134235,"date":"2025-12-13T19:52:46","date_gmt":"2025-12-13T18:52:46","guid":{"rendered":"https:\/\/infea-shop.de\/?post_type=product&#038;p=134235"},"modified":"2025-12-13T20:05:34","modified_gmt":"2025-12-13T19:05:34","slug":"shirt-herzstueck-bio-baumwolle-von-the-spirit-of-om-nur-2-x-in-s","status":"publish","type":"product","link":"https:\/\/infea-shop.de\/en\/product\/shirt-herzstueck-bio-baumwolle-von-the-spirit-of-om-nur-2-x-in-s\/","title":{"rendered":"Shirt Herzst\u00fcck Bio-Baumwolle von The Spirit of OM nur 2 x in S"},"content":{"rendered":"<p><strong>Shirt Herzst\u00fcck aus Bio-Baumwolle von The Spirit of OM, Gr\u00f6\u00dfen: leider nur noch 2 Exemplare in S (urspr\u00fcnglich \u20ac 49,95)<\/strong><\/p>\n<p>Material: 100 % Baumwolle (kontrollierter biologischer Anbau), angereichert mit mikrofeinem Rosenquarz \u2013 hergestellt in Europa<\/p>\n<p>Tolles hochwertig gearbeiteites Shirt, mit Pailetten und sch\u00f6nem Dekor, wir haben die letzten Exemplare in S f\u00fcr dich erworben. <\/p>\n<p>Damenoberteil:<\/p>\n<p>Brustumfang: Messen Sie horizontal um den K\u00f6rper an der st\u00e4rksten Stelle der Brust!<\/p>\n<table border=\"1\">\n<tbody>\n<tr>\n<td><strong>S<\/strong><\/td>\n<td><strong>34\/36<\/strong><\/td>\n<td>78-85cm<\/td>\n<\/tr>\n<\/tbody>\n<\/table>\n","protected":false},"excerpt":{"rendered":"<p>Shirt Herzst\u00fcck aus Bio-Baumwolle von The Spirit of OM, Gr\u00f6\u00dfen: leider nur noch 2 Exemplare in S (urspr\u00fcnglich \u20ac 49,95) Material: 100 % Baumwolle (kontrollierter biologischer Anbau), angereichert mit mikrofeinem Rosenquarz \u2013 hergestellt in Europa Tolles hochwertig gearbeiteites Shirt, mit Pailetten und sch\u00f6nem Dekor, wir haben die letzten Exemplare in S f\u00fcr dich erworben. Damenoberteil: [&hellip;]<\/p>\n","protected":false},"featured_media":134236,"template":"","meta":{"_acf_changed":false,"footnotes":""},"product_brand":[],"product_cat":[3009],"product_tag":[],"class_list":{"0":"post-134235","1":"product","2":"type-product","3":"status-publish","4":"has-post-thumbnail","6":"product_cat-specials","8":"first","9":"instock","10":"taxable","11":"shipping-taxable","12":"purchasable","13":"product-type-simple"},"acf":[],"_links":{"self":[{"href":"https:\/\/infea-shop.de\/en\/wp-json\/wp\/v2\/product\/134235","targetHints":{"allow":["GET"]}}],"collection":[{"href":"https:\/\/infea-shop.de\/en\/wp-json\/wp\/v2\/product"}],"about":[{"href":"https:\/\/infea-shop.de\/en\/wp-json\/wp\/v2\/types\/product"}],"version-history":[{"count":0,"href":"https:\/\/infea-shop.de\/en\/wp-json\/wp\/v2\/product\/134235\/revisions"}],"wp:featuredmedia":[{"embeddable":true,"href":"https:\/\/infea-shop.de\/en\/wp-json\/wp\/v2\/media\/134236"}],"wp:attachment":[{"href":"https:\/\/infea-shop.de\/en\/wp-json\/wp\/v2\/media?parent=134235"}],"wp:term":[{"taxonomy":"product_brand","embeddable":true,"href":"https:\/\/infea-shop.de\/en\/wp-json\/wp\/v2\/product_brand?post=134235"},{"taxonomy":"product_cat","embeddable":true,"href":"https:\/\/infea-shop.de\/en\/wp-json\/wp\/v2\/product_cat?post=134235"},{"taxonomy":"product_tag","embeddable":true,"href":"https:\/\/infea-shop.de\/en\/wp-json\/wp\/v2\/product_tag?post=134235"}],"curies":[{"name":"wp","href":"https:\/\/api.w.org\/{rel}","templated":true}]}}