{"id":134145,"date":"2025-10-16T16:46:20","date_gmt":"2025-10-16T14:46:20","guid":{"rendered":"https:\/\/infea-shop.de\/?post_type=product&#038;p=134145"},"modified":"2026-01-28T08:10:07","modified_gmt":"2026-01-28T07:10:07","slug":"neu-bio-bettwaesche-light-dream-zum-wenden-glatt-biber-von-the-spirit-of-om-verschiedene-groessen","status":"publish","type":"product","link":"https:\/\/infea-shop.de\/en\/product\/neu-bio-bettwaesche-light-dream-zum-wenden-glatt-biber-von-the-spirit-of-om-verschiedene-groessen\/","title":{"rendered":"NEU Bio-Bettw\u00e4sche &#8221;Light Dream&#8221; zum Wenden glatt\/Biber von The Spirit of OM &#8211; verschiedene Gr\u00f6\u00dfen"},"content":{"rendered":"<div class=\"wpb-content-wrapper\"><p>[vc_row][vc_column][vc_column_text css=&#8221;&#8221; css_params=&#8221;&#8221;]<strong>Wende-Bettw\u00e4sche \u201eLight Dream\u201c mit \u201eBlume des Lebens\u201c und anderen Symbolen von \u201cThe Spirit of OM\u201c, verschiedene Bett- und Kissenbez\u00fcge, Farbe: creme, goldfarbene Symbole, eine Seite k\u00fchlend glatt, eine Seite w\u00e4rmend Biber-Qualit\u00e4t, Gr\u00f6\u00dfen: Bez\u00fcge 135x200cm und 155x220cm (vergriffen) und Kissen einzeln 40&#215;80 (nur noch 1 Stk, dann vergriffen) und 80x80cm&nbsp;&nbsp;<\/strong><\/p>\n<p><strong>Material<\/strong>: 100% Baumwolle aus Bio-kbA (konrolliert biologischer Anbau), <strong>mit mikrofeinem Rosenquarz<\/strong> &#8211; (Kissenf\u00fcllung SoO 9163: Synthetik) &#8211; hergestellt in Europa<\/p>\n<ul>\n<li>Wundersch\u00f6ne Bettw\u00e4sche mit verschiedenen Symbolen und etwas dezenter gehalten f\u00fcr die Kunden, die es gerne mollig warm haben<\/li>\n<li>Hochwertige Bio-Baumwoll-Qualit\u00e4t<\/li>\n<li>wunderbar weich und hautfreundlich durch \u00f6kologische Herstellung<\/li>\n<li>\u00f6kologische <strong>digitale F\u00e4rbung<\/strong> ohne Wasserverbrauch&#8230;<\/li>\n<li>Im Gewebe ist <strong>mikrofeiner Rosenquarz<\/strong> fixiert. Rosenquarz unterst\u00fctzt tiefe Entspannung, innere Ruhe und Ausgeglichenheit.<\/li>\n<\/ul>\n<p>Nun auch nur als Bezug ohne Kissen erh\u00e4ltlich oder eben mit 2 Kissen bestellbar.<\/p>\n<p>Passende Spannbettt\u00fccher aus weichem Bio-Jersey erg\u00e4nzen die sch\u00f6ne Bettw\u00e4sche perfekt. Auch hier ist mikrofeiner Rosenquarz fixiert.<\/p>\n<p>Maschinenw\u00e4sche <strong>60\u00b0C<\/strong>\u2009\/\u2009trocknergeeignet[\/vc_column_text][\/vc_column][\/vc_row]<\/p>\n<\/div>","protected":false},"excerpt":{"rendered":"<p>[vc_row][vc_column][vc_column_text css=&#8221;&#8221; css_params=&#8221;&#8221;]Wende-Bettw\u00e4sche \u201eLight Dream\u201c mit \u201eBlume des Lebens\u201c und anderen Symbolen von \u201cThe Spirit of OM\u201c, verschiedene Bett- und Kissenbez\u00fcge, Farbe: creme, goldfarbene Symbole, eine Seite k\u00fchlend glatt, eine Seite w\u00e4rmend Biber-Qualit\u00e4t, Gr\u00f6\u00dfen: Bez\u00fcge 135x200cm und 155x220cm (vergriffen) und Kissen einzeln 40&#215;80 (nur noch 1 Stk, dann vergriffen) und 80x80cm&nbsp;&nbsp; Material: 100% Baumwolle aus [&hellip;]<\/p>\n","protected":false},"featured_media":134139,"template":"","meta":{"_acf_changed":false,"footnotes":""},"product_brand":[],"product_cat":[6189,2881,2823],"product_tag":[6609,6261],"class_list":{"0":"post-134145","1":"product","2":"type-product","3":"status-publish","4":"has-post-thumbnail","6":"product_cat-bettwaesche","7":"product_cat-heimtextilien","8":"product_cat-wohnen-leben","9":"product_tag-blume-des-lebens-klassisch","10":"product_tag-neu","11":"pa_grosse-bettbezug-135-200-kissenbezug-40-80","12":"pa_grosse-bettbezug-135-200-kissenbezug-80-80","13":"pa_grosse-bettbezug-135-200cm-einzeln","14":"pa_grosse-bettbezug-140-200-kissenbezug-70-90-at-masse","15":"pa_grosse-bettbezug-155-200-kissenbezug-40-80","16":"pa_grosse-bettbezug-155-200-kissenbezug-80-80","17":"pa_grosse-bettbezug-155-220cm-einzeln","18":"pa_grosse-bettbezug-160x210-kissenbezug-65-100-ch-masse","19":"pa_grosse-bettbezug-200-220-ohne-kissen","20":"pa_grosse-doppel-bettbezug-240-220cm-ohne-kissen-int-mass","21":"pa_grosse-kinder-bettwaesche-bettbezug-100-135cm-kissenbezug-40-60cm","22":"pa_grosse-kissen-bezug-40-40cm-einzeln-ohne-fuellkissen","23":"pa_grosse-kissen-bezug-40-40-einzeln-mit-fuellkissen","24":"pa_grosse-kissen-bezug-40-60-einzeln","25":"pa_grosse-kissen-bezug-40-80-einzeln","26":"pa_grosse-kissen-bezug-50-70cm-einzeln-int-mass","27":"pa_grosse-kissen-bezug-80-80-einzeln","29":"first","30":"instock","31":"taxable","32":"shipping-taxable","33":"purchasable","34":"product-type-variable","35":"has-default-attributes"},"acf":[],"_links":{"self":[{"href":"https:\/\/infea-shop.de\/en\/wp-json\/wp\/v2\/product\/134145","targetHints":{"allow":["GET"]}}],"collection":[{"href":"https:\/\/infea-shop.de\/en\/wp-json\/wp\/v2\/product"}],"about":[{"href":"https:\/\/infea-shop.de\/en\/wp-json\/wp\/v2\/types\/product"}],"version-history":[{"count":0,"href":"https:\/\/infea-shop.de\/en\/wp-json\/wp\/v2\/product\/134145\/revisions"}],"wp:featuredmedia":[{"embeddable":true,"href":"https:\/\/infea-shop.de\/en\/wp-json\/wp\/v2\/media\/134139"}],"wp:attachment":[{"href":"https:\/\/infea-shop.de\/en\/wp-json\/wp\/v2\/media?parent=134145"}],"wp:term":[{"taxonomy":"product_brand","embeddable":true,"href":"https:\/\/infea-shop.de\/en\/wp-json\/wp\/v2\/product_brand?post=134145"},{"taxonomy":"product_cat","embeddable":true,"href":"https:\/\/infea-shop.de\/en\/wp-json\/wp\/v2\/product_cat?post=134145"},{"taxonomy":"product_tag","embeddable":true,"href":"https:\/\/infea-shop.de\/en\/wp-json\/wp\/v2\/product_tag?post=134145"}],"curies":[{"name":"wp","href":"https:\/\/api.w.org\/{rel}","templated":true}]}}