{"id":133687,"date":"2024-10-30T08:53:15","date_gmt":"2024-10-30T07:53:15","guid":{"rendered":"https:\/\/infea-shop.de\/?post_type=product&#038;p=133687"},"modified":"2024-10-30T09:16:10","modified_gmt":"2024-10-30T08:16:10","slug":"die-entfaltung-des-lichtkoerpers-barbara-heider-rauter","status":"publish","type":"product","link":"https:\/\/infea-shop.de\/en\/product\/die-entfaltung-des-lichtkoerpers-barbara-heider-rauter\/","title":{"rendered":"&#8221;Die Entfaltung des Lichtk\u00f6rpers&#8221; &#8211; Barbara Heider-Rauter"},"content":{"rendered":"<p><strong>&#8221;Die Entfaltung des Lichtk\u00f6rpers&#8221; von Barbara Heider-Rauter<\/strong><br \/>\n<strong>Broschiert, ca. 152 Seiten<\/strong><br \/>\n<strong>ISBN 13: 9783843414845<\/strong><br \/>\n&nbsp;<br \/>\nNeue Impulse f\u00fcr t\u00e4gliche Lichtarbeit<br \/>\n&nbsp;<br \/>\nDer Lichtk\u00f6rper, der jede Person umgibt, ist ein leuchtendes Energiefeld, das bereits bei der Geburt vorhanden ist. In ihm sind nicht nur alle weltlichen Herausforderungen und Blockaden gespeichert, sondern auch ihre L\u00f6sungen und unser verborgenes Potenzial. Auf dem Pfad des spirituellen Erwachens k\u00f6nnen wir diese energetischen Knoten allm\u00e4hlich l\u00f6sen und unser wahres Wesen, unsere F\u00e4higkeiten und Talente in voller Strahlkraft leben.<br \/>\n&nbsp;<br \/>\nBarbara Heider-Rauter, eine renommierte Spezialistin und Expertin f\u00fcr Aura-Soma und Farbtherapie, unterst\u00fctzt Menschen weltweit auf ihrem Weg zu einem bewussteren, lichtvolleren Leben. Ihr Buch ist eine einzigartige Ressource mit praktischen \u00dcbungen, Ritualen und wertvollen Tipps, die die Entfaltung des Lichtk\u00f6rpers f\u00f6rdern. Die Inhalte reichen vom Schutz der eigenen Energie \u00fcber die Aufl\u00f6sung innerer Blockaden bis zur Entwicklung tiefer Liebe und sch\u00f6pferischer Kraft. Barbara zeigt uns, dass wahres spirituelles Wachstum ein Teil des Alltags ist und mit Freude und Leichtigkeit erlebt werden kann.<br \/>\n&nbsp;<br \/>\nLeseprobe: <a href=\"https:\/\/infea-shop.de\/wp-content\/uploads\/2024\/10\/Leseprobe_9783843414845_Die-Entfaltung-des-Lichtkoerpers_Barbara-Heider-Rauter-2.pdf\" target=\"_blank\" rel=\"noopener noreferrer\">hier<\/a><\/p>\n","protected":false},"excerpt":{"rendered":"<p>&#8221;Die Entfaltung des Lichtk\u00f6rpers&#8221; von Barbara Heider-Rauter Broschiert, ca. 152 Seiten ISBN 13: 9783843414845 &nbsp; Neue Impulse f\u00fcr t\u00e4gliche Lichtarbeit &nbsp; Der Lichtk\u00f6rper, der jede Person umgibt, ist ein leuchtendes Energiefeld, das bereits bei der Geburt vorhanden ist. In ihm sind nicht nur alle weltlichen Herausforderungen und Blockaden gespeichert, sondern auch ihre L\u00f6sungen und unser [&hellip;]<\/p>\n","protected":false},"featured_media":133688,"template":"","meta":{"_acf_changed":false,"footnotes":""},"product_brand":[],"product_cat":[2821,2841,2843],"product_tag":[6261],"class_list":{"0":"post-133687","1":"product","2":"type-product","3":"status-publish","4":"has-post-thumbnail","6":"product_cat-spirituelle-buecher-kalender","7":"product_cat-gesundheit-heilung","8":"product_cat-weisheit-wissen-wege","9":"product_tag-neu","11":"first","12":"instock","13":"taxable","14":"shipping-taxable","15":"purchasable","16":"product-type-simple"},"acf":[],"_links":{"self":[{"href":"https:\/\/infea-shop.de\/en\/wp-json\/wp\/v2\/product\/133687","targetHints":{"allow":["GET"]}}],"collection":[{"href":"https:\/\/infea-shop.de\/en\/wp-json\/wp\/v2\/product"}],"about":[{"href":"https:\/\/infea-shop.de\/en\/wp-json\/wp\/v2\/types\/product"}],"version-history":[{"count":0,"href":"https:\/\/infea-shop.de\/en\/wp-json\/wp\/v2\/product\/133687\/revisions"}],"wp:featuredmedia":[{"embeddable":true,"href":"https:\/\/infea-shop.de\/en\/wp-json\/wp\/v2\/media\/133688"}],"wp:attachment":[{"href":"https:\/\/infea-shop.de\/en\/wp-json\/wp\/v2\/media?parent=133687"}],"wp:term":[{"taxonomy":"product_brand","embeddable":true,"href":"https:\/\/infea-shop.de\/en\/wp-json\/wp\/v2\/product_brand?post=133687"},{"taxonomy":"product_cat","embeddable":true,"href":"https:\/\/infea-shop.de\/en\/wp-json\/wp\/v2\/product_cat?post=133687"},{"taxonomy":"product_tag","embeddable":true,"href":"https:\/\/infea-shop.de\/en\/wp-json\/wp\/v2\/product_tag?post=133687"}],"curies":[{"name":"wp","href":"https:\/\/api.w.org\/{rel}","templated":true}]}}