{"id":133648,"date":"2024-10-01T19:09:06","date_gmt":"2024-10-01T17:09:06","guid":{"rendered":"https:\/\/infea-shop.de\/?post_type=product&#038;p=133648"},"modified":"2024-10-30T09:19:20","modified_gmt":"2024-10-30T08:19:20","slug":"kartenset-work-your-light-orakel-gaby-shayana-hoffmann","status":"publish","type":"product","link":"https:\/\/infea-shop.de\/en\/product\/kartenset-work-your-light-orakel-gaby-shayana-hoffmann\/","title":{"rendered":"Kartenset: &#8221;Work Your Light Orakel&#8221; &#8211; Rebecca Campbell"},"content":{"rendered":"<p><strong>&#8220;Kartenset: Work Your Light Orakel&#8221; &#8211; Rebecca Campbell<\/strong><br \/>\n<strong>Broschiert, 44 Karten mit Begleitbuch<\/strong><br \/>\n<strong>ISBN 13: 9783868267877, erschienen: 24.03.2022<\/strong><br \/>\n&nbsp;<br \/>\nWork Your Light Orakel &#8211; Bringe dein inneres Licht zum Strahlen \u2013 Mit dem Work Your Light Orakel<br \/>\n&nbsp;<br \/>\nErhelle die Welt mit deinem inneren Licht!<br \/>\n&nbsp;<br \/>\nDas Work Your Light Orakel f\u00fchrt dich auf eine Reise zu den tiefen Weisheiten von Himmel und Erde. Mit 44 wundersch\u00f6nen Orakelkarten und einem umfassenden Booklet hilft dir dieses Set, die Stimme deiner Seele zu h\u00f6ren und dein Leben in Harmonie und Balance zu bringen. Lerne, dich mit deiner tiefsten Seelenebene zu verbinden, vertraue auf deine Intuition und erkenne, dass du mit deinem authentischen Sein die Welt erhellen kannst.<br \/>\nJede Karte ist ein Tor zu deiner Seele und unterst\u00fctzt dich dabei, dein inneres Licht strahlen zu lassen. Das beiliegende Booklet bietet dir ausf\u00fchrliche Erkl\u00e4rungen, Anwendungsbeispiele und Legemuster, um die Kraft der Karten optimal zu nutzen.<br \/>\n&nbsp;<br \/>\nHighlights des Sets:<br \/>\n\u2022\tHochwertige St\u00fclpdeckelschachtel mit edler Goldfolie<br \/>\n\u2022\t44 kraftvolle Orakelkarten mit kosmischen Frauenfiguren, antiken Portalen und mystischen Landschaften<br \/>\n\u2022\tUmfassendes Booklet mit 144 Seiten voller Inspiration und Anleitung<br \/>\n\u2022\tBestseller aus den USA von den Erfolgsautorinnen Rebecca Campbell und Danielle Noel<br \/>\n&nbsp;<br \/>\nSchau dir die Beispielkarten an&#8230;<\/p>\n","protected":false},"excerpt":{"rendered":"<p>&#8220;Kartenset: Work Your Light Orakel&#8221; &#8211; Rebecca Campbell Broschiert, 44 Karten mit Begleitbuch ISBN 13: 9783868267877, erschienen: 24.03.2022 &nbsp; Work Your Light Orakel &#8211; Bringe dein inneres Licht zum Strahlen \u2013 Mit dem Work Your Light Orakel &nbsp; Erhelle die Welt mit deinem inneren Licht! &nbsp; Das Work Your Light Orakel f\u00fchrt dich auf eine [&hellip;]<\/p>\n","protected":false},"featured_media":133634,"template":"","meta":{"_acf_changed":false,"footnotes":""},"product_brand":[],"product_cat":[2821,2839],"product_tag":[6261],"class_list":{"0":"post-133648","1":"product","2":"type-product","3":"status-publish","4":"has-post-thumbnail","6":"product_cat-spirituelle-buecher-kalender","7":"product_cat-kartensets-kalender","8":"product_tag-neu","10":"first","11":"instock","12":"taxable","13":"shipping-taxable","14":"purchasable","15":"product-type-simple"},"acf":[],"_links":{"self":[{"href":"https:\/\/infea-shop.de\/en\/wp-json\/wp\/v2\/product\/133648","targetHints":{"allow":["GET"]}}],"collection":[{"href":"https:\/\/infea-shop.de\/en\/wp-json\/wp\/v2\/product"}],"about":[{"href":"https:\/\/infea-shop.de\/en\/wp-json\/wp\/v2\/types\/product"}],"version-history":[{"count":0,"href":"https:\/\/infea-shop.de\/en\/wp-json\/wp\/v2\/product\/133648\/revisions"}],"wp:featuredmedia":[{"embeddable":true,"href":"https:\/\/infea-shop.de\/en\/wp-json\/wp\/v2\/media\/133634"}],"wp:attachment":[{"href":"https:\/\/infea-shop.de\/en\/wp-json\/wp\/v2\/media?parent=133648"}],"wp:term":[{"taxonomy":"product_brand","embeddable":true,"href":"https:\/\/infea-shop.de\/en\/wp-json\/wp\/v2\/product_brand?post=133648"},{"taxonomy":"product_cat","embeddable":true,"href":"https:\/\/infea-shop.de\/en\/wp-json\/wp\/v2\/product_cat?post=133648"},{"taxonomy":"product_tag","embeddable":true,"href":"https:\/\/infea-shop.de\/en\/wp-json\/wp\/v2\/product_tag?post=133648"}],"curies":[{"name":"wp","href":"https:\/\/api.w.org\/{rel}","templated":true}]}}