{"id":125713,"date":"2023-08-07T17:17:18","date_gmt":"2023-08-07T15:17:18","guid":{"rendered":"https:\/\/infea-shop.de\/?post_type=product&#038;p=125713"},"modified":"2025-12-12T08:38:39","modified_gmt":"2025-12-12T07:38:39","slug":"kartenset-heilige-geometrie-jeanne-ruland-murat-karacay-2","status":"publish","type":"product","link":"https:\/\/infea-shop.de\/en\/product\/kartenset-heilige-geometrie-jeanne-ruland-murat-karacay-2\/","title":{"rendered":"Kartenset: &#8221;Heilige Geometrie&#8221; &#8211; Jeanne Ruland &#038; Murat Kara\u00e7ay"},"content":{"rendered":"<p><strong>&#8220;Kartenset: Heilige Geometrie&#8221; &#8211; Jeanne Ruland &amp; Murat Kara\u00e7ay<\/strong><br \/>\n<strong>Broschiert, 50 Karten mit Begleitbuch<\/strong><br \/>\n<strong>ISBN 13: 9783843491976<\/strong><br \/>\n&nbsp;<br \/>\nAuf das Nachfolge-Kartenset des beliebten &#8220;Orakel der Heiligen Geometrie&#8221; seinerzeit von Francine Hart haben wir etwas warten d\u00fcrfen, nun ist es da. Sehr sch\u00f6n illustriert und schon jetzt ein Renner&#8230;<br \/>\n&nbsp;<br \/>\nVollkommene Formen und unendliche Muster \u2013 die Heilige Geometrie f\u00fchrt uns zur\u00fcck in die Einheit, zu Sch\u00f6nheit und Harmonie. Blicken Sie mithilfe dieser Karten auf die vollendeten Formen der Sch\u00f6pfung \u2013 sie schenken Ihnen alles, was Sie brauchen, um wirkungsvoll mit den heiligen und heilenden Mustern zu arbeiten. Eingebettet in ein Feld der unbegrenzten, harmonisch flie\u00dfenden Lebensenergie, k\u00f6nnen Sie sich vertrauensvoll f\u00fchren lassen und bringen Ihr eigenes g\u00f6ttliches Licht zur Entfaltung.<br \/>\n&nbsp;<br \/>\nDie Autoren:Jeanne Ruland bereiste viele Jahre als Flugbegleiterin die Welt. In den besuchten L\u00e4ndern erhielt sie vielf\u00e4ltige Einblicke in die verschiedensten Facetten der Sch\u00f6pfung, wobei ihre Liebe dem tieferen Sinn des Lebens gilt. Sie erfuhr schon in fr\u00fchen Jahren die F\u00fchrung und F\u00fcgungen des unsichtbaren Reiches und damit die unglaubliche F\u00fclle und Kraft, die das Leben f\u00fcr den Menschen in den unterschiedlichsten Lebenslagen bereith\u00e4lt. Dies m\u00f6chte sie in ihren B\u00fcchern an die Menschen auf dem Weg weitergeben.<br \/>\n&nbsp;<br \/>\nMurat Kara\u00e7ay besch\u00e4ftigt sich seit Jahren sowohl auf beruflicher als auch auf privater Ebene visuell mit Spiritualit\u00e4t. In den letzten 17 Jahren hat er zu verschiedensten Themen \u2013 von Astrologie bis Zen-Buddhismus \u2013 f\u00fcr unterschiedliche Verlage \u00fcber 1000 Buchcover gestaltet. Gemeinsam mit seiner Frau Jeanne Ruland arbeitet der Media Designer, Digital Artist und Fotograf an Buch-, Karten- und CD-Projekten.<br \/>\n&nbsp;<br \/>\n<strong>Leseprobe:<\/strong><a href=\"https:\/\/infea-shop.de\/wp-content\/uploads\/2023\/08\/9783843491976_Kartenset-Heilige-Geometrie_Jeanne-Ruland_Murat-Karacay_Leseprobe.pdf\" target=\"_blank\" rel=\"noopener\"> hier<\/a><\/p>\n","protected":false},"excerpt":{"rendered":"<p>&#8220;Kartenset: Heilige Geometrie&#8221; &#8211; Jeanne Ruland &amp; Murat Kara\u00e7ay Broschiert, 50 Karten mit Begleitbuch ISBN 13: 9783843491976 &nbsp; Auf das Nachfolge-Kartenset des beliebten &#8220;Orakel der Heiligen Geometrie&#8221; seinerzeit von Francine Hart haben wir etwas warten d\u00fcrfen, nun ist es da. Sehr sch\u00f6n illustriert und schon jetzt ein Renner&#8230; &nbsp; Vollkommene Formen und unendliche Muster \u2013 [&hellip;]<\/p>\n","protected":false},"featured_media":125717,"template":"","meta":{"_acf_changed":false,"footnotes":""},"product_brand":[],"product_cat":[2837,2821,2839],"product_tag":[6609,6622],"class_list":{"0":"post-125713","1":"product","2":"type-product","3":"status-publish","4":"has-post-thumbnail","6":"product_cat-blume-des-lebens-heilige-geometrie","7":"product_cat-spirituelle-buecher-kalender","8":"product_cat-kartensets-kalender","9":"product_tag-blume-des-lebens-klassisch","10":"product_tag-weitere-symbole","12":"first","13":"instock","14":"taxable","15":"shipping-taxable","16":"purchasable","17":"product-type-simple"},"acf":[],"_links":{"self":[{"href":"https:\/\/infea-shop.de\/en\/wp-json\/wp\/v2\/product\/125713","targetHints":{"allow":["GET"]}}],"collection":[{"href":"https:\/\/infea-shop.de\/en\/wp-json\/wp\/v2\/product"}],"about":[{"href":"https:\/\/infea-shop.de\/en\/wp-json\/wp\/v2\/types\/product"}],"version-history":[{"count":0,"href":"https:\/\/infea-shop.de\/en\/wp-json\/wp\/v2\/product\/125713\/revisions"}],"wp:featuredmedia":[{"embeddable":true,"href":"https:\/\/infea-shop.de\/en\/wp-json\/wp\/v2\/media\/125717"}],"wp:attachment":[{"href":"https:\/\/infea-shop.de\/en\/wp-json\/wp\/v2\/media?parent=125713"}],"wp:term":[{"taxonomy":"product_brand","embeddable":true,"href":"https:\/\/infea-shop.de\/en\/wp-json\/wp\/v2\/product_brand?post=125713"},{"taxonomy":"product_cat","embeddable":true,"href":"https:\/\/infea-shop.de\/en\/wp-json\/wp\/v2\/product_cat?post=125713"},{"taxonomy":"product_tag","embeddable":true,"href":"https:\/\/infea-shop.de\/en\/wp-json\/wp\/v2\/product_tag?post=125713"}],"curies":[{"name":"wp","href":"https:\/\/api.w.org\/{rel}","templated":true}]}}