{"id":119633,"date":"2023-05-31T08:13:25","date_gmt":"2023-05-31T06:13:25","guid":{"rendered":"https:\/\/infea-shop.de\/?post_type=product&#038;p=119633"},"modified":"2024-03-06T15:26:52","modified_gmt":"2024-03-06T14:26:52","slug":"durch-begegnungen-wachsen-von-kay-pollak-9783809439776","status":"publish","type":"product","link":"https:\/\/infea-shop.de\/en\/product\/durch-begegnungen-wachsen-von-kay-pollak-9783809439776\/","title":{"rendered":"&#8221;Durch Begegnungen wachsen&#8221; von Kay Pollak"},"content":{"rendered":"<p><strong>&#8221;Durch Begegnungen wachsen&#8221; von Kay Pollak<\/strong><br \/>\n<strong>Gebunden, Ausgabe 2019, 112 Seiten<\/strong><br \/>\n<strong>ISBN 13: 9783809439776<\/strong><br \/>\n&nbsp;<br \/>\nF\u00fcr mehr Achtsamkeit und N\u00e4he im Umgang mit anderen &#8211; sofort loslesen und am Ende wieder von vorne anfangen. Das Gelesene wirkt sofort und ver\u00e4ndert dein Leben auf eine einfache Art und Weise. Es ist nichts Neues, was du liest, aber sehr komprimiert und undogmatisch geschrieben, die Inhalte schreiben sich in dir fest &#8211; ein Meisterwerk&#8230;&nbsp;<br \/>\n&nbsp;<br \/>\nVom Regisseur des preisgekr\u00f6nten Films \u201eWie im Himmel\u201c<br \/>\n&nbsp;<br \/>\nStell dir vor, du h\u00e4ttest etwas Wichtiges zu sagen und dein Gegen\u00fcber h\u00f6rte dir nicht zu. Was w\u00e4re, wenn ein Lehrer einem Sch\u00fcler mit einem Lob statt einem Vorwurf begegnen w\u00fcrde? Stell dir vor, jemand sagt dir immer wieder, du taugst nichts.<br \/>\n&nbsp;<br \/>\nWir haben fast t\u00e4glich Begegnungen mit Menschen, die negative Gef\u00fchle erzeugen und den Fluss der Kommunikation st\u00f6ren. Wie sie entstehen und wie man ihnen begegnen kann, beschreibt Kay Pollak hier eingehend und anschaulich. Sein Buch hat sich in Schweden \u00fcber 100.000 mal verkauft und wurde in sieben Sprachen \u00fcbersetzt. Nun erscheint dieses Kleinod erstmals in Deutschland. Es ist ein Pl\u00e4doyer f\u00fcr den Wert der Kommunikation. In Form von leicht nachvollziehbaren Beispielen, Lehrs\u00e4tzen und praktischen Strategien gibt er dem Leser ein elementares Wissen an die Hand, um ein harmonisches Miteinander zu \u00fcben. Neben den praktischen Anleitungen wirkt die Lekt\u00fcre aufbauend und macht Mut, spontaner und selbstsicherer zu werden. Durch die einfache und einpr\u00e4gsame Sprache wird Unmittelbarkeit erzeugt.<br \/>\nEin Buch f\u00fcr alle, die verstanden haben, dass man an Begegnungen wachsen kann und eigenverantwortlich etwas daf\u00fcr tun wollen.<br \/>\n&nbsp;<br \/>\n&#8220;Kay Pollak erscheint wie neugeboren als Botschafter f\u00fcr positives Denken und den Glauben an das Verm\u00f6gen des Menschen zu wachsen &#8211; und all das gelingt ihm, ohne pr\u00e4tenti\u00f6s zu sein.&#8221; G\u00f6teborgs-Posten&nbsp;<br \/>\nKay Pollak wurde 1938 in G\u00f6teborg\/Schweden geboren und studierte zun\u00e4chst Mathematik und Statistik. Ab den sp\u00e4ten 1960er Jahren arbeitete er als Regisseur f\u00fcr Fernsehfilme und -serien, Unterhaltungssendungen und Kinderprogramme. Nach drei Kinofilmen zog er sich vom Film zur\u00fcck, um zu schreiben und Seminare zur Pers\u00f6nlichkeitsbildung abzuhalten. Sein Film \u00bbWie im Himmel\u00ab wurde nach einer Pause von fast 20 Jahren als Regisseur ein internationaler Erfolg und 2005 als bester ausl\u00e4ndischer Film f\u00fcr den Oscar nominiert.<br \/>\n&nbsp;<br \/>\nLeseprobe <a href=\"https:\/\/www.bic-media.com\/mobile\/mobileWidget-jqm1.4.html?bgcolor=E9E8E8&#038;showExtraDownloadButton=yes&#038;isbn=9783809439776&#038;buttonOrder=book-audio-video&#038;https=yes&#038;socialSelfBackLink=yes&#038;iconType=BICgrey&#038;iconTypeSecondary=BICgrey&#038;lang=de&#038;fullscreen=yes&#038;jump2=0&#038;flipBook=no&#038;openFSIPN=yes&#038;resizable=yes&#038;showSocial=no&#038;template=rhservice&#038;buyUrl=https:\/\/www.penguinrandomhouse.de\/watchlist\/add\/543860.rhd\" target=\"_blank\" rel=\"noopener noreferrer\"><span style=\"color: #ff6600;\">hier<\/span><\/a><\/p>\n","protected":false},"excerpt":{"rendered":"<p>&#8221;Durch Begegnungen wachsen&#8221; von Kay Pollak Gebunden, Ausgabe 2019, 112 Seiten ISBN 13: 9783809439776 &nbsp; F\u00fcr mehr Achtsamkeit und N\u00e4he im Umgang mit anderen &#8211; sofort loslesen und am Ende wieder von vorne anfangen. Das Gelesene wirkt sofort und ver\u00e4ndert dein Leben auf eine einfache Art und Weise. Es ist nichts Neues, was du liest, [&hellip;]<\/p>\n","protected":false},"featured_media":119645,"template":"","meta":{"_acf_changed":false,"footnotes":""},"product_brand":[],"product_cat":[2821,2917,6194,2843],"product_tag":[6261],"class_list":{"0":"post-119633","1":"product","2":"type-product","3":"status-publish","4":"has-post-thumbnail","6":"product_cat-spirituelle-buecher-kalender","7":"product_cat-fuer-die-praxis","8":"product_cat-therapeutische-arbeit","9":"product_cat-weisheit-wissen-wege","10":"product_tag-neu","12":"first","13":"instock","14":"taxable","15":"shipping-taxable","16":"purchasable","17":"product-type-simple"},"acf":[],"_links":{"self":[{"href":"https:\/\/infea-shop.de\/en\/wp-json\/wp\/v2\/product\/119633","targetHints":{"allow":["GET"]}}],"collection":[{"href":"https:\/\/infea-shop.de\/en\/wp-json\/wp\/v2\/product"}],"about":[{"href":"https:\/\/infea-shop.de\/en\/wp-json\/wp\/v2\/types\/product"}],"version-history":[{"count":0,"href":"https:\/\/infea-shop.de\/en\/wp-json\/wp\/v2\/product\/119633\/revisions"}],"wp:featuredmedia":[{"embeddable":true,"href":"https:\/\/infea-shop.de\/en\/wp-json\/wp\/v2\/media\/119645"}],"wp:attachment":[{"href":"https:\/\/infea-shop.de\/en\/wp-json\/wp\/v2\/media?parent=119633"}],"wp:term":[{"taxonomy":"product_brand","embeddable":true,"href":"https:\/\/infea-shop.de\/en\/wp-json\/wp\/v2\/product_brand?post=119633"},{"taxonomy":"product_cat","embeddable":true,"href":"https:\/\/infea-shop.de\/en\/wp-json\/wp\/v2\/product_cat?post=119633"},{"taxonomy":"product_tag","embeddable":true,"href":"https:\/\/infea-shop.de\/en\/wp-json\/wp\/v2\/product_tag?post=119633"}],"curies":[{"name":"wp","href":"https:\/\/api.w.org\/{rel}","templated":true}]}}