{"id":11782,"date":"2014-03-07T13:38:17","date_gmt":"2014-03-07T12:38:17","guid":{"rendered":"http:\/\/infeastore.de\/?post_type=product&#038;p=11782"},"modified":"2023-04-24T13:52:56","modified_gmt":"2023-04-24T11:52:56","slug":"miniposter-die-wirbelsaule","status":"publish","type":"product","link":"https:\/\/infea-shop.de\/en\/product\/miniposter-die-wirbelsaule\/","title":{"rendered":"Miniposter &#8221;Die Wirbels\u00e4ule&#8221;"},"content":{"rendered":"<p><br \/>\n<strong>Miniposter &#8220;Wirbels\u00e4ule&#8221; 24 x 34cm (etwas gr\u00f6\u00dfer als DIN A 4)<\/strong><\/p>\n<p>Interessantes zur Wirbels\u00e4ule oder R\u00f6bels\u00e4ule (ich las zuletzt ein Buch \u00fcber die Bildungssituation in Deutschland und dort wurde ein Kind zitiert &#8220;Aua, meine R\u00f6bels\u00e4ule&#8221;) wird grafisch dargestellt und sagt so mehr aus als die ber\u00fchmten &#8220;1000 Worte&#8221;.<\/p>\n<p>Die Bezeichnungen der einzelnen Wirbelteile, Querschnitte und vieles Wissenswerte wird anschaulich dargestellt.<\/p>\n","protected":false},"excerpt":{"rendered":"<p>Miniposter &#8220;Wirbels\u00e4ule&#8221; 24 x 34cm (etwas gr\u00f6\u00dfer als DIN A 4) Interessantes zur Wirbels\u00e4ule oder R\u00f6bels\u00e4ule (ich las zuletzt ein Buch \u00fcber die Bildungssituation in Deutschland und dort wurde ein Kind zitiert &#8220;Aua, meine R\u00f6bels\u00e4ule&#8221;) wird grafisch dargestellt und sagt so mehr aus als die ber\u00fchmten &#8220;1000 Worte&#8221;. Die Bezeichnungen der einzelnen Wirbelteile, Querschnitte und [&hellip;]<\/p>\n","protected":false},"featured_media":11783,"template":"","meta":{"_acf_changed":false,"footnotes":""},"product_brand":[],"product_cat":[2821,2841,2917,6194],"product_tag":[],"class_list":{"0":"post-11782","1":"product","2":"type-product","3":"status-publish","4":"has-post-thumbnail","6":"product_cat-spirituelle-buecher-kalender","7":"product_cat-gesundheit-heilung","8":"product_cat-fuer-die-praxis","9":"product_cat-therapeutische-arbeit","11":"first","12":"instock","13":"taxable","14":"shipping-taxable","15":"purchasable","16":"product-type-simple"},"acf":[],"_links":{"self":[{"href":"https:\/\/infea-shop.de\/en\/wp-json\/wp\/v2\/product\/11782","targetHints":{"allow":["GET"]}}],"collection":[{"href":"https:\/\/infea-shop.de\/en\/wp-json\/wp\/v2\/product"}],"about":[{"href":"https:\/\/infea-shop.de\/en\/wp-json\/wp\/v2\/types\/product"}],"version-history":[{"count":0,"href":"https:\/\/infea-shop.de\/en\/wp-json\/wp\/v2\/product\/11782\/revisions"}],"wp:featuredmedia":[{"embeddable":true,"href":"https:\/\/infea-shop.de\/en\/wp-json\/wp\/v2\/media\/11783"}],"wp:attachment":[{"href":"https:\/\/infea-shop.de\/en\/wp-json\/wp\/v2\/media?parent=11782"}],"wp:term":[{"taxonomy":"product_brand","embeddable":true,"href":"https:\/\/infea-shop.de\/en\/wp-json\/wp\/v2\/product_brand?post=11782"},{"taxonomy":"product_cat","embeddable":true,"href":"https:\/\/infea-shop.de\/en\/wp-json\/wp\/v2\/product_cat?post=11782"},{"taxonomy":"product_tag","embeddable":true,"href":"https:\/\/infea-shop.de\/en\/wp-json\/wp\/v2\/product_tag?post=11782"}],"curies":[{"name":"wp","href":"https:\/\/api.w.org\/{rel}","templated":true}]}}