{"id":115563,"date":"2023-05-04T11:29:04","date_gmt":"2023-05-04T09:29:04","guid":{"rendered":"https:\/\/infea-shop.de\/?post_type=product&#038;p=115563"},"modified":"2023-11-25T09:32:08","modified_gmt":"2023-11-25T08:32:08","slug":"ohrringe-saat-des-lebens-edelstahl-vergoldet-mit-weissen-swarovski-kristallen-in-2-groessen","status":"publish","type":"product","link":"https:\/\/infea-shop.de\/en\/product\/ohrringe-saat-des-lebens-edelstahl-vergoldet-mit-weissen-swarovski-kristallen-in-2-groessen\/","title":{"rendered":"Ohrringe &#8221;Saat des Lebens&#8221; Edelstahl vergoldet mit wei\u00dfen Swarovski\u00ae-Kristallen &#8211; in 2 Gr\u00f6\u00dfen"},"content":{"rendered":"<p><strong>INFEA\u00ae-Ohrringe &#8221;Saat des Lebens&#8221; (auch &#8220;Same des Lebens&#8221;), Edelstahl, vergoldet, mit 7 wei\u00dfen Swarovski\u00ae-Kristallen, Gr\u00f6\u00dfen: \u00d8 15 und 25mm, mit Klapp-Brisur-Verschluss &#8211; Made in Germany<\/strong><br \/>\n&nbsp;<br \/>\nEs werden nur die Ohrringe geliefert, die abgebildeten Anh\u00e4nger dienen als Anregung zur Kombination&#8230; <\/p>\n","protected":false},"excerpt":{"rendered":"<p>INFEA\u00ae-Ohrringe &#8221;Saat des Lebens&#8221; (auch &#8220;Same des Lebens&#8221;), Edelstahl, vergoldet, mit 7 wei\u00dfen Swarovski\u00ae-Kristallen, Gr\u00f6\u00dfen: \u00d8 15 und 25mm, mit Klapp-Brisur-Verschluss &#8211; Made in Germany &nbsp; Es werden nur die Ohrringe geliefert, die abgebildeten Anh\u00e4nger dienen als Anregung zur Kombination&#8230;<\/p>\n","protected":false},"featured_media":115566,"template":"","meta":{"_acf_changed":false,"footnotes":""},"product_brand":[],"product_cat":[2955,2949,2827,6199],"product_tag":[6607,6605],"class_list":{"0":"post-115563","1":"product","2":"type-product","3":"status-publish","4":"has-post-thumbnail","6":"product_cat-or-saat-des-lebens","7":"product_cat-ohrringe","8":"product_cat-schmuck","9":"product_cat-schmuck-fuer-sie","10":"product_tag-fuer-sie","11":"product_tag-saat-des-lebens","12":"pa_grosse-oe-15mm","13":"pa_grosse-oe-25mm","15":"first","16":"instock","17":"taxable","18":"shipping-taxable","19":"purchasable","20":"product-type-variable"},"acf":[],"_links":{"self":[{"href":"https:\/\/infea-shop.de\/en\/wp-json\/wp\/v2\/product\/115563","targetHints":{"allow":["GET"]}}],"collection":[{"href":"https:\/\/infea-shop.de\/en\/wp-json\/wp\/v2\/product"}],"about":[{"href":"https:\/\/infea-shop.de\/en\/wp-json\/wp\/v2\/types\/product"}],"version-history":[{"count":0,"href":"https:\/\/infea-shop.de\/en\/wp-json\/wp\/v2\/product\/115563\/revisions"}],"wp:featuredmedia":[{"embeddable":true,"href":"https:\/\/infea-shop.de\/en\/wp-json\/wp\/v2\/media\/115566"}],"wp:attachment":[{"href":"https:\/\/infea-shop.de\/en\/wp-json\/wp\/v2\/media?parent=115563"}],"wp:term":[{"taxonomy":"product_brand","embeddable":true,"href":"https:\/\/infea-shop.de\/en\/wp-json\/wp\/v2\/product_brand?post=115563"},{"taxonomy":"product_cat","embeddable":true,"href":"https:\/\/infea-shop.de\/en\/wp-json\/wp\/v2\/product_cat?post=115563"},{"taxonomy":"product_tag","embeddable":true,"href":"https:\/\/infea-shop.de\/en\/wp-json\/wp\/v2\/product_tag?post=115563"}],"curies":[{"name":"wp","href":"https:\/\/api.w.org\/{rel}","templated":true}]}}