{"id":114280,"date":"2023-04-30T07:16:59","date_gmt":"2023-04-30T05:16:59","guid":{"rendered":"https:\/\/infea-shop.de\/?post_type=product&#038;p=114280"},"modified":"2023-10-16T18:25:58","modified_gmt":"2023-10-16T16:25:58","slug":"krankheit-als-symbol-von-ruediger-dahlke-2","status":"publish","type":"product","link":"https:\/\/infea-shop.de\/en\/product\/krankheit-als-symbol-von-ruediger-dahlke-2\/","title":{"rendered":"&#8221;Krankheit als Symbol&#8221; von Ruediger Dahlke (Auflage 2023)"},"content":{"rendered":"<p><strong>&#8221;Krankheit als Symbol&#8221; von Ruediger Dahlke<\/strong><br \/>\n<strong>Gebunden, Ausgabe 2023, 864 Seiten<\/strong><br \/>\n<strong>ISBN 13: 9783570105214<\/strong><br \/>\n&nbsp;<br \/>\nNun ist die neue vollst\u00e4ndig \u00fcberarbeitete Ausgabe des Klassikers verf\u00fcgbar. Um 80 Seiten erg\u00e4nzt, bietet dieses Buch eine herrliche M\u00f6glichkeit zur Arbeit mit dir selbst. Nur wenn du wei\u00dft, wo das Thema bei einem Symptom liegt, kannst etwas ver\u00e4ndern und schauen, ob das die richtige Richtung der von der Seele angesto\u00dfenen Ver\u00e4nderung ist oder nicht. So kannst du fast Spielerisch mit den Ver\u00e4nderungen umgehen, wenn du denn Ver\u00e4nderung \u00fcberhaupt willst. In dieses Buch sind die jahrzehntelangen Erfahrungen des Autors Ruediger Dahlke zur Deutenden Medizin eingeflossen. Dieses Lexikon mit rund 400 Krankheitsbildern und 1000 Symptomen zeigt dem Leser welche unbearbeiteten Lebensthemen oder Aufgaben hinter der jeweiligen Krankheiten oder Symptom steht. Wenn ich meinen Kunden aus dem Buch vorgelesen haben, ist es bislang noch nicht passiert, dass einer der Hinweise nicht gepasst hat.<br \/>\n&nbsp;<br \/>\n<strong>F\u00fcr wen empfohlen:<\/strong> Standardwerk f\u00fcr Therapeuten und f\u00fcr den interessierten Laien<br \/>\n&nbsp;<br \/>\n<strong>Leseprobe:<\/strong> <a href=\"<a href=\"https:\/\/infea-shop.de\/wp-content\/uploads\/2023\/04\/Leseprobe_9783570105214_Krankheit-als-Symbol-Ruediger-Dahlke_2023.pdf\">hier<\/a><br \/>\n&nbsp;<br \/>\n<b>\u201eDie einen gehen Ihre Themen an, die anderen suchen immer noch Ausreden&#8230;\u201c<\/b> Peter Sch\u00fctzler<\/p>\n<\/div>\n","protected":false},"excerpt":{"rendered":"<p>Neuauflage!! Tolles Nachschlagewerk &#8211; was will der K\u00f6rper uns sagen?<\/p>\n","protected":false},"featured_media":114380,"template":"","meta":{"_acf_changed":false,"footnotes":""},"product_brand":[],"product_cat":[2821,2841,2917,6194],"product_tag":[6261],"class_list":{"0":"post-114280","1":"product","2":"type-product","3":"status-publish","4":"has-post-thumbnail","6":"product_cat-spirituelle-buecher-kalender","7":"product_cat-gesundheit-heilung","8":"product_cat-fuer-die-praxis","9":"product_cat-therapeutische-arbeit","10":"product_tag-neu","12":"first","13":"instock","14":"taxable","15":"shipping-taxable","16":"purchasable","17":"product-type-simple"},"acf":[],"_links":{"self":[{"href":"https:\/\/infea-shop.de\/en\/wp-json\/wp\/v2\/product\/114280","targetHints":{"allow":["GET"]}}],"collection":[{"href":"https:\/\/infea-shop.de\/en\/wp-json\/wp\/v2\/product"}],"about":[{"href":"https:\/\/infea-shop.de\/en\/wp-json\/wp\/v2\/types\/product"}],"version-history":[{"count":0,"href":"https:\/\/infea-shop.de\/en\/wp-json\/wp\/v2\/product\/114280\/revisions"}],"wp:featuredmedia":[{"embeddable":true,"href":"https:\/\/infea-shop.de\/en\/wp-json\/wp\/v2\/media\/114380"}],"wp:attachment":[{"href":"https:\/\/infea-shop.de\/en\/wp-json\/wp\/v2\/media?parent=114280"}],"wp:term":[{"taxonomy":"product_brand","embeddable":true,"href":"https:\/\/infea-shop.de\/en\/wp-json\/wp\/v2\/product_brand?post=114280"},{"taxonomy":"product_cat","embeddable":true,"href":"https:\/\/infea-shop.de\/en\/wp-json\/wp\/v2\/product_cat?post=114280"},{"taxonomy":"product_tag","embeddable":true,"href":"https:\/\/infea-shop.de\/en\/wp-json\/wp\/v2\/product_tag?post=114280"}],"curies":[{"name":"wp","href":"https:\/\/api.w.org\/{rel}","templated":true}]}}