{"id":10672,"date":"2013-06-22T09:58:17","date_gmt":"2013-06-22T09:58:17","guid":{"rendered":"http:\/\/infeastore.de\/?post_type=product&#038;p=10672"},"modified":"2021-06-26T16:40:03","modified_gmt":"2021-06-26T14:40:03","slug":"rubber-straps-black-38-80cm","status":"publish","type":"product","link":"https:\/\/infea-shop.de\/en\/product\/rubber-straps-black-38-80cm\/","title":{"rendered":"Rubber bands black closure 925 silver 38 &#8211; 80cm"},"content":{"rendered":"<p><strong>Black rubber strap, 925 silver lobster clasp, thickness: \u00d8 approx. 2mm, lengths: 38, 40, 42, 45, 50, 55, 60, 70, 80, thickness \u00d8 2,5mm , length: 80cm and thickness \u00d8 3mm, length: 50cm &#8211; made in Europe<\/strong><br \/>\n&nbsp;<br \/>\nGoes well with the stainless steel pendants, but also gives the silver pendants a sporty touch. If the 2mm thickness is too thin for you, then we have the 80 length for you in thickness too. Some more robust looking pendants also look great worn short with a strong band, for this we have set the band 50s length and 3mm&#8230;.<\/p>\n","protected":false},"excerpt":{"rendered":"<p>Black rubber strap, 925 silver lobster clasp, thickness: \u00d8 approx. 2mm, lengths: 38, 40, 42, 45, 50, 55, 60, 70, 80, thickness \u00d8 2,5mm , length: 80cm and thickness \u00d8 3mm, length: 50cm &#8211; made in Europe &nbsp; Goes well with the stainless steel pendants, but also gives the silver pendants a sporty touch. If [&hellip;]<\/p>\n","protected":false},"featured_media":10680,"template":"","meta":{"_acf_changed":false,"footnotes":""},"product_brand":[],"product_cat":[6239,2834,2828,6237,6238],"product_tag":[6615,6614],"class_list":{"0":"post-10672","1":"product","2":"type-product","3":"status-publish","4":"has-post-thumbnail","6":"product_cat-chains-ribbons-accessories","7":"product_cat-chains-ribbons-more","8":"product_cat-jewellery","9":"product_cat-jewelry-for-her","10":"product_cat-jewellery-for-him","11":"product_tag-for-her","12":"product_tag-for-him","13":"pa_laenge-38cm-en","14":"pa_laenge-40cm-en","15":"pa_laenge-42cm-en","16":"pa_laenge-45cm-en","17":"pa_laenge-50cm-en","18":"pa_laenge-50cm-3mm-en","19":"pa_laenge-55cm-en","20":"pa_laenge-60cm-en","21":"pa_laenge-70cm-en","22":"pa_laenge-80cm-en","23":"pa_laenge-80cm-25mm-en","25":"first","26":"instock","27":"taxable","28":"shipping-taxable","29":"purchasable","30":"product-type-variable"},"acf":[],"_links":{"self":[{"href":"https:\/\/infea-shop.de\/en\/wp-json\/wp\/v2\/product\/10672","targetHints":{"allow":["GET"]}}],"collection":[{"href":"https:\/\/infea-shop.de\/en\/wp-json\/wp\/v2\/product"}],"about":[{"href":"https:\/\/infea-shop.de\/en\/wp-json\/wp\/v2\/types\/product"}],"version-history":[{"count":0,"href":"https:\/\/infea-shop.de\/en\/wp-json\/wp\/v2\/product\/10672\/revisions"}],"wp:featuredmedia":[{"embeddable":true,"href":"https:\/\/infea-shop.de\/en\/wp-json\/wp\/v2\/media\/10680"}],"wp:attachment":[{"href":"https:\/\/infea-shop.de\/en\/wp-json\/wp\/v2\/media?parent=10672"}],"wp:term":[{"taxonomy":"product_brand","embeddable":true,"href":"https:\/\/infea-shop.de\/en\/wp-json\/wp\/v2\/product_brand?post=10672"},{"taxonomy":"product_cat","embeddable":true,"href":"https:\/\/infea-shop.de\/en\/wp-json\/wp\/v2\/product_cat?post=10672"},{"taxonomy":"product_tag","embeddable":true,"href":"https:\/\/infea-shop.de\/en\/wp-json\/wp\/v2\/product_tag?post=10672"}],"curies":[{"name":"wp","href":"https:\/\/api.w.org\/{rel}","templated":true}]}}