{"id":10564,"date":"2013-06-07T17:45:08","date_gmt":"2013-06-07T15:45:08","guid":{"rendered":"http:\/\/infeastore.de\/?post_type=product&#038;p=10564"},"modified":"2023-04-24T13:52:48","modified_gmt":"2023-04-24T11:52:48","slug":"miniposter-wirbeltherapie-nach-dorn","status":"publish","type":"product","link":"https:\/\/infea-shop.de\/en\/product\/miniposter-wirbeltherapie-nach-dorn\/","title":{"rendered":"Miniposter &#8221;Wirbeltherapie nach Dorn&#8221; von &#8221;R\u00fcdiger&#8221;"},"content":{"rendered":"<p><br \/>\n<strong>Miniposter &#8220;Wirbeltherapie nach Dorn&#8221; 24 x 34 cm (etwas gr\u00f6\u00dfer als Din A 4)<\/strong><br \/>\n&nbsp;<br \/>\nDie Tafel zeigt die\u00a0Zusammenh\u00e4nge zwischen Wirbelfehlstellungen und m\u00f6glichen physischen und psychischen Leiden. Das hei\u00dft, auf der linken Seite der abgebildeten Wirbels\u00e4ule sind die m\u00f6glichen inneren Leiden bei fehlstehenden Wirbeln abgebildet, bzw. einzelnen Wirbeln zugeordnet. Auf der rechten Seite sind es die m\u00f6glichen Beschwerden \/ Symptome durch fehlstehende Wirbel.<br \/>\n&nbsp;<br \/>\nBesonders interessant ist die Unterlegung der einzelnen Wirbels\u00e4ulenbereiche mit den Farben der sieben Hauptchakren. So ist es also m\u00f6glich, sich der Beschwerde von der Seite der Arbeit mit der Wirbels\u00e4ule zu n\u00e4hern oder aber am betreffenden Chakra zu arbeiten. <\/p>\n","protected":false},"excerpt":{"rendered":"<p>Miniposter &#8220;Wirbeltherapie nach Dorn&#8221; 24 x 34 cm (etwas gr\u00f6\u00dfer als Din A 4) &nbsp; Die Tafel zeigt die\u00a0Zusammenh\u00e4nge zwischen Wirbelfehlstellungen und m\u00f6glichen physischen und psychischen Leiden. Das hei\u00dft, auf der linken Seite der abgebildeten Wirbels\u00e4ule sind die m\u00f6glichen inneren Leiden bei fehlstehenden Wirbeln abgebildet, bzw. einzelnen Wirbeln zugeordnet. Auf der rechten Seite sind es [&hellip;]<\/p>\n","protected":false},"featured_media":10565,"template":"","meta":{"_acf_changed":false,"footnotes":""},"product_brand":[],"product_cat":[2821,2841,2917,3009,6194],"product_tag":[],"class_list":{"0":"post-10564","1":"product","2":"type-product","3":"status-publish","4":"has-post-thumbnail","6":"product_cat-spirituelle-buecher-kalender","7":"product_cat-gesundheit-heilung","8":"product_cat-fuer-die-praxis","9":"product_cat-specials","10":"product_cat-therapeutische-arbeit","12":"first","13":"instock","14":"taxable","15":"shipping-taxable","16":"purchasable","17":"product-type-simple"},"acf":[],"_links":{"self":[{"href":"https:\/\/infea-shop.de\/en\/wp-json\/wp\/v2\/product\/10564","targetHints":{"allow":["GET"]}}],"collection":[{"href":"https:\/\/infea-shop.de\/en\/wp-json\/wp\/v2\/product"}],"about":[{"href":"https:\/\/infea-shop.de\/en\/wp-json\/wp\/v2\/types\/product"}],"version-history":[{"count":0,"href":"https:\/\/infea-shop.de\/en\/wp-json\/wp\/v2\/product\/10564\/revisions"}],"wp:featuredmedia":[{"embeddable":true,"href":"https:\/\/infea-shop.de\/en\/wp-json\/wp\/v2\/media\/10565"}],"wp:attachment":[{"href":"https:\/\/infea-shop.de\/en\/wp-json\/wp\/v2\/media?parent=10564"}],"wp:term":[{"taxonomy":"product_brand","embeddable":true,"href":"https:\/\/infea-shop.de\/en\/wp-json\/wp\/v2\/product_brand?post=10564"},{"taxonomy":"product_cat","embeddable":true,"href":"https:\/\/infea-shop.de\/en\/wp-json\/wp\/v2\/product_cat?post=10564"},{"taxonomy":"product_tag","embeddable":true,"href":"https:\/\/infea-shop.de\/en\/wp-json\/wp\/v2\/product_tag?post=10564"}],"curies":[{"name":"wp","href":"https:\/\/api.w.org\/{rel}","templated":true}]}}