{"id":10544,"date":"2013-06-07T14:09:26","date_gmt":"2013-06-07T14:09:26","guid":{"rendered":"http:\/\/infeastore.de\/?post_type=product&#038;p=10544"},"modified":"2022-08-17T11:21:15","modified_gmt":"2022-08-17T09:21:15","slug":"krankheit-als-weg-von-thorwald-detlefsen-und-ruediger-dahlke","status":"publish","type":"product","link":"https:\/\/infea-shop.de\/en\/product\/krankheit-als-weg-von-thorwald-detlefsen-und-ruediger-dahlke\/","title":{"rendered":"&#8221;Krankheit als Weg&#8221; von Thorwald Detlefsen und Ruediger Dahlke"},"content":{"rendered":"<p><strong>Gebunden<\/strong><br \/>\n<strong>384 Seiten<\/strong><br \/>\n<strong>ISBN 13: 9783809423775<\/strong><br \/>\n&nbsp;<br \/>\nDer Klassiker von Ruediger Dahlke (Mediziner und Psychotherapeut) und Thorwald Detlefsen (Psychotherapeut) aus den 80er Jahren beschreibt in der ersten H\u00e4lfte das Wesen von Krankheit und warum Symptome unsere Freunde sind.<br \/>\n&nbsp;<br \/>\nIm hinteren Teil des Buches gehen die Autoren auf die einzelnen K\u00f6rperbereiche ein und erl\u00e4utern sehr anschaulich wo es hinzuschauen gilt, wenn bestimmte Symptome auftreten.<br \/>\n&nbsp;<br \/>\n<strong>F\u00fcr wen geeignet<\/strong>: f\u00fcr Jedermann, der sich mit den m\u00f6glichen Ursachen seiner Beschwerden auseinander setzen m\u00f6chte und der Grundlegendes zum Thema Ganzheitlichkeit und zum Wesen von Krankheit.<br \/>\n&nbsp;<br \/>\n<strong>Klassiker f\u00fcr das Verstehen von m\u00f6glichen Ursachen von Symptomen und Beschwerden<\/strong><br \/>\n&nbsp;<br \/>\n\u201eDie einen gehen Ihre Themen an, die anderen suchen immer noch Ausreden&#8230;\u201c Peter Sch\u00fctzler<br \/>\n&nbsp;<br \/>\nLeseprobe <a href=\"https:\/\/www.bic-media.com\/mobile\/mobileWidget-jqm1.4.html?bgcolor=E9E8E8&amp;showExtraDownloadButton=yes&amp;isbn=9783809423775&amp;buttonOrder=book-audio-video&amp;https=yes&amp;socialSelfBackLink=yes&amp;iconType=rh5&amp;iconTypeSecondary=rh5&amp;lang=de&amp;fullscreen=yes&amp;jump2=0&amp;flipBook=no&amp;openFSIPN=yes&amp;resizable=yes&amp;template=rhservice&amp;buyUrl=https:\/\/www.randomhouse.de\/cart\/add\/271256.rhd\" target=\"_blank\" rel=\"noopener noreferrer\"><span style=\"color: #ff6600;\">hier<\/span><\/a><\/p>\n","protected":false},"excerpt":{"rendered":"<p>Gebunden 384 Seiten ISBN 13: 9783809423775 &nbsp; Der Klassiker von Ruediger Dahlke (Mediziner und Psychotherapeut) und Thorwald Detlefsen (Psychotherapeut) aus den 80er Jahren beschreibt in der ersten H\u00e4lfte das Wesen von Krankheit und warum Symptome unsere Freunde sind. &nbsp; Im hinteren Teil des Buches gehen die Autoren auf die einzelnen K\u00f6rperbereiche ein und erl\u00e4utern sehr [&hellip;]<\/p>\n","protected":false},"featured_media":10545,"template":"","meta":{"_acf_changed":false,"footnotes":""},"product_brand":[],"product_cat":[2821,2841],"product_tag":[],"class_list":{"0":"post-10544","1":"product","2":"type-product","3":"status-publish","4":"has-post-thumbnail","6":"product_cat-spirituelle-buecher-kalender","7":"product_cat-gesundheit-heilung","9":"first","10":"instock","11":"taxable","12":"shipping-taxable","13":"purchasable","14":"product-type-simple"},"acf":[],"_links":{"self":[{"href":"https:\/\/infea-shop.de\/en\/wp-json\/wp\/v2\/product\/10544","targetHints":{"allow":["GET"]}}],"collection":[{"href":"https:\/\/infea-shop.de\/en\/wp-json\/wp\/v2\/product"}],"about":[{"href":"https:\/\/infea-shop.de\/en\/wp-json\/wp\/v2\/types\/product"}],"version-history":[{"count":0,"href":"https:\/\/infea-shop.de\/en\/wp-json\/wp\/v2\/product\/10544\/revisions"}],"wp:featuredmedia":[{"embeddable":true,"href":"https:\/\/infea-shop.de\/en\/wp-json\/wp\/v2\/media\/10545"}],"wp:attachment":[{"href":"https:\/\/infea-shop.de\/en\/wp-json\/wp\/v2\/media?parent=10544"}],"wp:term":[{"taxonomy":"product_brand","embeddable":true,"href":"https:\/\/infea-shop.de\/en\/wp-json\/wp\/v2\/product_brand?post=10544"},{"taxonomy":"product_cat","embeddable":true,"href":"https:\/\/infea-shop.de\/en\/wp-json\/wp\/v2\/product_cat?post=10544"},{"taxonomy":"product_tag","embeddable":true,"href":"https:\/\/infea-shop.de\/en\/wp-json\/wp\/v2\/product_tag?post=10544"}],"curies":[{"name":"wp","href":"https:\/\/api.w.org\/{rel}","templated":true}]}}