{"id":10462,"date":"2013-05-24T06:54:49","date_gmt":"2013-05-24T04:54:49","guid":{"rendered":"http:\/\/infeastore.de\/?post_type=product&#038;p=10462"},"modified":"2024-06-03T18:16:49","modified_gmt":"2024-06-03T16:16:49","slug":"atlas-der-chakras-kalashatra-govinda","status":"publish","type":"product","link":"https:\/\/infea-shop.de\/en\/product\/atlas-der-chakras-kalashatra-govinda\/","title":{"rendered":"&#8221;Atlas der Chakras&#8221; &#8211; Kalashatra Govinda"},"content":{"rendered":"<p><strong>&#8221;Atlas der Chakras&#8221; &#8211; Kalashatra Govinda<\/strong><br \/>\n<strong>Gebunden, <\/strong><strong>farbig, 3<\/strong><strong>2 Seiten<\/strong><br \/>\n<strong>ISBN 13: <span style=\"white-space: nowrap;\">9783424151923<\/span><\/strong><br \/>\n&nbsp;<br \/>\nKomprimiertes Wissen zu den sieben Hauptchakras in \u00fcbersichtlicher Form dargestellt. Auf den den beiden Innencovern befinden sich \u00dcbersichten (welche Themen sind mit den Chakras verbunden,\u00a0Mudras, Affirmationen und Yoga-\u00dcbungen), die ein rasches Nachschlagen w\u00e4hrend des Praktizierens erm\u00f6glichen. Im Innenteil finden Sie zu jedem Hauptchakra wesentliche Informationen. Nat\u00fcrlich kann man sich sehr viel detaillierter mit den Chakras besch\u00e4ftigen. Aber Hand aufs Herz, wer tut es am Ende und zweitens: ist es wieder nicht nur eine Ablenkung von dem, was wir nicht integriert bekommen.<br \/>\n&nbsp;<br \/>\n<strong>F\u00fcr wen empfohlen<\/strong>: f\u00fcr\u00a0die Anh\u00e4nger des Spruchs von Erich K\u00e4stner: &#8220;Es gibt nichts Gutes, au\u00dfer man tut es&#8221;. Lieber 3 Minuten t\u00e4gliche praktische Arbeit als das gro\u00dfe Vorhaben alle 400.000 Chakren oder wie viele es am Ende sind, zu erforschen.<br \/>\n&nbsp;<br \/>\n<strong>Leseprobe:<\/strong> <a href=\"https:\/\/www.bic-media.com\/mobile\/mobileWidget-jqm1.4.html?bgcolor=E9E8E8&amp;showExtraDownloadButton=yes&amp;isbn=9783424151923&amp;buttonOrder=book-audio-video&amp;https=yes&amp;socialSelfBackLink=yes&amp;iconType=rh5&amp;iconTypeSecondary=rh5&amp;lang=de&amp;fullscreen=yes&amp;jump2=0&amp;flipBook=no&amp;openFSIPN=yes&amp;resizable=yes&amp;template=rhservice&amp;buyUrl=https:\/\/www.penguinrandomhouse.de\/watchlist\/add\/416805.rhd\" target=\"_blank\" rel=\"noopener noreferrer\">hier<\/a> (einmal auf die sich aufmachende Seite klicken, dann kannst du rechtes und links bl\u00e4ttern)<\/p>\n","protected":false},"excerpt":{"rendered":"<p>Herrliches Praxisbuch!<\/p>\n","protected":false},"featured_media":10463,"template":"","meta":{"_acf_changed":false,"footnotes":""},"product_brand":[],"product_cat":[2821,2841,2843],"product_tag":[],"class_list":{"0":"post-10462","1":"product","2":"type-product","3":"status-publish","4":"has-post-thumbnail","6":"product_cat-spirituelle-buecher-kalender","7":"product_cat-gesundheit-heilung","8":"product_cat-weisheit-wissen-wege","10":"first","11":"instock","12":"taxable","13":"shipping-taxable","14":"purchasable","15":"product-type-simple"},"acf":[],"_links":{"self":[{"href":"https:\/\/infea-shop.de\/en\/wp-json\/wp\/v2\/product\/10462","targetHints":{"allow":["GET"]}}],"collection":[{"href":"https:\/\/infea-shop.de\/en\/wp-json\/wp\/v2\/product"}],"about":[{"href":"https:\/\/infea-shop.de\/en\/wp-json\/wp\/v2\/types\/product"}],"version-history":[{"count":0,"href":"https:\/\/infea-shop.de\/en\/wp-json\/wp\/v2\/product\/10462\/revisions"}],"wp:featuredmedia":[{"embeddable":true,"href":"https:\/\/infea-shop.de\/en\/wp-json\/wp\/v2\/media\/10463"}],"wp:attachment":[{"href":"https:\/\/infea-shop.de\/en\/wp-json\/wp\/v2\/media?parent=10462"}],"wp:term":[{"taxonomy":"product_brand","embeddable":true,"href":"https:\/\/infea-shop.de\/en\/wp-json\/wp\/v2\/product_brand?post=10462"},{"taxonomy":"product_cat","embeddable":true,"href":"https:\/\/infea-shop.de\/en\/wp-json\/wp\/v2\/product_cat?post=10462"},{"taxonomy":"product_tag","embeddable":true,"href":"https:\/\/infea-shop.de\/en\/wp-json\/wp\/v2\/product_tag?post=10462"}],"curies":[{"name":"wp","href":"https:\/\/api.w.org\/{rel}","templated":true}]}}