{"id":10446,"date":"2013-05-11T12:18:00","date_gmt":"2013-05-11T12:18:00","guid":{"rendered":"http:\/\/infeastore.de\/?post_type=product&#038;p=10446"},"modified":"2022-08-17T11:21:19","modified_gmt":"2022-08-17T09:21:19","slug":"die-entfaltung-der-blume-des-lebens-jeanne-ruland","status":"publish","type":"product","link":"https:\/\/infea-shop.de\/en\/product\/die-entfaltung-der-blume-des-lebens-jeanne-ruland\/","title":{"rendered":"&#8221;Die Entfaltung der Blume des Lebens&#8221; &#8211; Jeanne Ruland"},"content":{"rendered":"<p><strong>&#8221;Die Entfaltung der Blume des Lebens&#8221; &#8211; Jeanne Ruland<\/strong><br \/>\n<strong>Broschiert<\/strong><br \/>\n<strong>ca. 96 Seiten<\/strong><br \/>\n<strong>ISBN 13: 9783843450102<\/strong><br \/>\n&nbsp;<br \/>\n<strong>F\u00fcr wen empfohlen:<\/strong> Wer sich an die &#8220;Blume des Lebens&#8221; rantasten m\u00f6chte, findet in dem B\u00fcchlein genau das Richtige.<br \/>\n&nbsp;<br \/>\n<strong>Leseprobe:<\/strong> <a href=\"https:\/\/infea-shop.de\/wp-content\/uploads\/2020\/08\/9783843450102_Leseprobe_Die_Entfaltung_der_Blume-des-Lebens_Jeanne_Ruland.pdf\" target=\"_blank\" rel=\"noopener noreferrer\">hier<\/a><\/p>\n","protected":false},"excerpt":{"rendered":"<p>&#8221;Die Entfaltung der Blume des Lebens&#8221; &#8211; Jeanne Ruland Broschiert ca. 96 Seiten ISBN 13: 9783843450102 &nbsp; F\u00fcr wen empfohlen: Wer sich an die &#8220;Blume des Lebens&#8221; rantasten m\u00f6chte, findet in dem B\u00fcchlein genau das Richtige. &nbsp; Leseprobe: hier<\/p>\n","protected":false},"featured_media":10447,"template":"","meta":{"_acf_changed":false,"footnotes":""},"product_brand":[],"product_cat":[2837,2821],"product_tag":[6609],"class_list":{"0":"post-10446","1":"product","2":"type-product","3":"status-publish","4":"has-post-thumbnail","6":"product_cat-blume-des-lebens-heilige-geometrie","7":"product_cat-spirituelle-buecher-kalender","8":"product_tag-blume-des-lebens-klassisch","10":"first","11":"instock","12":"taxable","13":"shipping-taxable","14":"purchasable","15":"product-type-simple"},"acf":[],"_links":{"self":[{"href":"https:\/\/infea-shop.de\/en\/wp-json\/wp\/v2\/product\/10446","targetHints":{"allow":["GET"]}}],"collection":[{"href":"https:\/\/infea-shop.de\/en\/wp-json\/wp\/v2\/product"}],"about":[{"href":"https:\/\/infea-shop.de\/en\/wp-json\/wp\/v2\/types\/product"}],"version-history":[{"count":0,"href":"https:\/\/infea-shop.de\/en\/wp-json\/wp\/v2\/product\/10446\/revisions"}],"wp:featuredmedia":[{"embeddable":true,"href":"https:\/\/infea-shop.de\/en\/wp-json\/wp\/v2\/media\/10447"}],"wp:attachment":[{"href":"https:\/\/infea-shop.de\/en\/wp-json\/wp\/v2\/media?parent=10446"}],"wp:term":[{"taxonomy":"product_brand","embeddable":true,"href":"https:\/\/infea-shop.de\/en\/wp-json\/wp\/v2\/product_brand?post=10446"},{"taxonomy":"product_cat","embeddable":true,"href":"https:\/\/infea-shop.de\/en\/wp-json\/wp\/v2\/product_cat?post=10446"},{"taxonomy":"product_tag","embeddable":true,"href":"https:\/\/infea-shop.de\/en\/wp-json\/wp\/v2\/product_tag?post=10446"}],"curies":[{"name":"wp","href":"https:\/\/api.w.org\/{rel}","templated":true}]}}