{"id":10438,"date":"2013-05-11T11:52:30","date_gmt":"2013-05-11T11:52:30","guid":{"rendered":"http:\/\/infeastore.de\/?post_type=product&#038;p=10438"},"modified":"2022-08-17T11:21:20","modified_gmt":"2022-08-17T09:21:20","slug":"die-blume-des-lebens-in-dir-andreas-beutel","status":"publish","type":"product","link":"https:\/\/infea-shop.de\/en\/product\/die-blume-des-lebens-in-dir-andreas-beutel\/","title":{"rendered":"&#8221;Die Blume des Lebens in dir&#8221; &#8211; Andreas Beutel"},"content":{"rendered":"<p><strong>&#8220;Die Blume des Lebens in dir\u201d \u2013 Andreas Beutel<strong><br \/>\n<strong>Taschenbuch, 112 Seiten<\/strong><br \/>\n<strong>ISBN 13: 9783867282031<\/strong><\/strong><\/strong><br \/>\n&nbsp;<br \/>\nErinnern Sie sich? An die Zeit, als alles eins war? Als Trennung und Polarit\u00e4t nicht existierten? Folgen Sie einer spannenden Reise durch alle Ebenen der Sch\u00f6pfung, vom Gro\u00dfen bis hin ins ganz Kleine, und entdecken Sie die einfache, klare Sprache der Heiligen Geometrie, auf der die Welt basiert. Lernen Sie durch Meditationen und Zeichnungen sich wieder zu erinnern, wer Sie sind und warum Sie hier sind.<br \/>\n&nbsp;<br \/>\nDer Kenner der Heiligen Geometrie und Seminarleiter Andreas Beutel vom Pythagoras Institut Dresden f\u00fchrt in diesem Buch in anschaulicher, bildhafter Sprache in die Grundstruktur des Universums ein. Seine praktische Erfahrung aus vielen Jahren Seminar- und Vortragst\u00e4tigkeit zum Thema er\u00f6ffnet v\u00f6llig neue Perspektiven auf die Erde und den Menschen.<br \/>\n&nbsp;<br \/>\n<strong>Tolle Einf\u00fchrung in das Thema!<\/strong><br \/>\n&nbsp;<br \/>\n<strong>Leseprobe<\/strong> <a href=\"https:\/\/infea-shop.de\/wp-content\/uploads\/2020\/08\/Leseprobe_9783867282031_Die-Blume-des-Lebens-in-Dir_Andreas-Beutel.pdf\" target=\"_blank\" rel=\"noopener noreferrer\">hier<\/a><\/p>\n","protected":false},"excerpt":{"rendered":"<p>&#8220;Die Blume des Lebens in dir\u201d \u2013 Andreas Beutel Taschenbuch, 112 Seiten ISBN 13: 9783867282031 &nbsp; Erinnern Sie sich? An die Zeit, als alles eins war? Als Trennung und Polarit\u00e4t nicht existierten? Folgen Sie einer spannenden Reise durch alle Ebenen der Sch\u00f6pfung, vom Gro\u00dfen bis hin ins ganz Kleine, und entdecken Sie die einfache, klare [&hellip;]<\/p>\n","protected":false},"featured_media":10439,"template":"","meta":{"_acf_changed":false,"footnotes":""},"product_brand":[],"product_cat":[2837,2821],"product_tag":[6609],"class_list":{"0":"post-10438","1":"product","2":"type-product","3":"status-publish","4":"has-post-thumbnail","6":"product_cat-blume-des-lebens-heilige-geometrie","7":"product_cat-spirituelle-buecher-kalender","8":"product_tag-blume-des-lebens-klassisch","10":"first","11":"instock","12":"taxable","13":"shipping-taxable","14":"purchasable","15":"product-type-simple"},"acf":[],"_links":{"self":[{"href":"https:\/\/infea-shop.de\/en\/wp-json\/wp\/v2\/product\/10438","targetHints":{"allow":["GET"]}}],"collection":[{"href":"https:\/\/infea-shop.de\/en\/wp-json\/wp\/v2\/product"}],"about":[{"href":"https:\/\/infea-shop.de\/en\/wp-json\/wp\/v2\/types\/product"}],"version-history":[{"count":0,"href":"https:\/\/infea-shop.de\/en\/wp-json\/wp\/v2\/product\/10438\/revisions"}],"wp:featuredmedia":[{"embeddable":true,"href":"https:\/\/infea-shop.de\/en\/wp-json\/wp\/v2\/media\/10439"}],"wp:attachment":[{"href":"https:\/\/infea-shop.de\/en\/wp-json\/wp\/v2\/media?parent=10438"}],"wp:term":[{"taxonomy":"product_brand","embeddable":true,"href":"https:\/\/infea-shop.de\/en\/wp-json\/wp\/v2\/product_brand?post=10438"},{"taxonomy":"product_cat","embeddable":true,"href":"https:\/\/infea-shop.de\/en\/wp-json\/wp\/v2\/product_cat?post=10438"},{"taxonomy":"product_tag","embeddable":true,"href":"https:\/\/infea-shop.de\/en\/wp-json\/wp\/v2\/product_tag?post=10438"}],"curies":[{"name":"wp","href":"https:\/\/api.w.org\/{rel}","templated":true}]}}