{"id":10434,"date":"2013-05-11T11:22:26","date_gmt":"2013-05-11T09:22:26","guid":{"rendered":"http:\/\/infeastore.de\/?post_type=product&#038;p=10434"},"modified":"2022-08-17T11:21:20","modified_gmt":"2022-08-17T09:21:20","slug":"mer-ka-ba-von-andreas-beutel","status":"publish","type":"product","link":"https:\/\/infea-shop.de\/en\/product\/mer-ka-ba-von-andreas-beutel\/","title":{"rendered":"&#8221;Mer-Ka-Ba&#8221; von Andreas Beutel"},"content":{"rendered":"<p><strong>&#8221;Mer-Ka-Ba&#8221; von Andreas Beutel<\/strong><br \/>\n<strong>Taschenbuch, 112 Seiten<\/strong><br \/>\n<strong>ISBN 13: 9783867282024<\/strong><br \/>\n&nbsp;<br \/>\nDie Welt ist Illusion. Doch wie entsteht sie? Und was ist unser Platz darin? Kommen Sie mit auf eine Reise in die Tiefen des &#8220;Kaninchenbaus&#8221;, zur Heiligen Geometrie, und lernen Sie die Matrix hinter unserer Welt kennen. Erfahren Sie alle mythischen Traditionen \u00fcber die Mer-Ka-Ba als Thronwagen, himmlisches Pferd und geheimnisvolles Dimensionsfahrzeug. Entdecken Sie schlie\u00dflich das gr\u00f6\u00dfte Geheimnis aller Religionen, das in unserer Mitte verborgen ist: das Herz.<br \/>\n&nbsp;<br \/>\n<strong>Leseprobe:<\/strong> <a href=\"https:\/\/infea-shop.de\/wp-content\/uploads\/2013\/05\/Leseprobe_9783867282024_Mer-Ka-Ba_Andreas_Beutel.pdf\" target=\"_blank\" rel=\"noopener noreferrer\">hier<\/a><\/p>\n<p>&nbsp;<\/p>\n","protected":false},"excerpt":{"rendered":"<p>&#8221;Mer-Ka-Ba&#8221; von Andreas Beutel Taschenbuch, 112 Seiten ISBN 13: 9783867282024 &nbsp; Die Welt ist Illusion. Doch wie entsteht sie? Und was ist unser Platz darin? Kommen Sie mit auf eine Reise in die Tiefen des &#8220;Kaninchenbaus&#8221;, zur Heiligen Geometrie, und lernen Sie die Matrix hinter unserer Welt kennen. Erfahren Sie alle mythischen Traditionen \u00fcber die [&hellip;]<\/p>\n","protected":false},"featured_media":10435,"template":"","meta":{"_acf_changed":false,"footnotes":""},"product_brand":[],"product_cat":[2837,2821],"product_tag":[6620],"class_list":{"0":"post-10434","1":"product","2":"type-product","3":"status-publish","4":"has-post-thumbnail","6":"product_cat-blume-des-lebens-heilige-geometrie","7":"product_cat-spirituelle-buecher-kalender","8":"product_tag-kornkreis-merkaba","10":"first","11":"instock","12":"taxable","13":"shipping-taxable","14":"purchasable","15":"product-type-simple"},"acf":[],"_links":{"self":[{"href":"https:\/\/infea-shop.de\/en\/wp-json\/wp\/v2\/product\/10434","targetHints":{"allow":["GET"]}}],"collection":[{"href":"https:\/\/infea-shop.de\/en\/wp-json\/wp\/v2\/product"}],"about":[{"href":"https:\/\/infea-shop.de\/en\/wp-json\/wp\/v2\/types\/product"}],"version-history":[{"count":0,"href":"https:\/\/infea-shop.de\/en\/wp-json\/wp\/v2\/product\/10434\/revisions"}],"wp:featuredmedia":[{"embeddable":true,"href":"https:\/\/infea-shop.de\/en\/wp-json\/wp\/v2\/media\/10435"}],"wp:attachment":[{"href":"https:\/\/infea-shop.de\/en\/wp-json\/wp\/v2\/media?parent=10434"}],"wp:term":[{"taxonomy":"product_brand","embeddable":true,"href":"https:\/\/infea-shop.de\/en\/wp-json\/wp\/v2\/product_brand?post=10434"},{"taxonomy":"product_cat","embeddable":true,"href":"https:\/\/infea-shop.de\/en\/wp-json\/wp\/v2\/product_cat?post=10434"},{"taxonomy":"product_tag","embeddable":true,"href":"https:\/\/infea-shop.de\/en\/wp-json\/wp\/v2\/product_tag?post=10434"}],"curies":[{"name":"wp","href":"https:\/\/api.w.org\/{rel}","templated":true}]}}