{"id":63675,"date":"2020-10-08T12:31:13","date_gmt":"2020-10-08T10:31:13","guid":{"rendered":"https:\/\/infea-shop.de\/impressum\/"},"modified":"2023-02-02T12:59:49","modified_gmt":"2023-02-02T11:59:49","slug":"impressum","status":"publish","type":"page","link":"https:\/\/infea-shop.de\/en\/impressum\/","title":{"rendered":"Impressum"},"content":{"rendered":"<h1>Impressum<\/h1>\n<p>INFEA GmbH<br \/>\nGrafenm\u00fchlenweg 88<br \/>\n51069 K\u00f6ln<\/p>\n<p>Telefon: +49 (0) 221 96 35 45 0<br \/>\nE-Mail: team@infea-shop.de<br \/>\nInternet: www.infea-shop.de<\/p>\n<p>Die INFEA GmbH wird vertreten<br \/>\ndurch den Gesch\u00e4ftsf\u00fchrer: Peter Sch\u00fctzler<br \/>\nHRB-Nr.: 20289 | AG K\u00f6ln<\/p>\n<h4><strong>Zus\u00e4tzliche Hinweise:<\/strong><\/h4>\n<p><strong>HOME<\/strong><br \/>\nAdobeStock @ jutaphoto #87048112<br \/>\nAdobeStock @jutaphoto #128809018<br \/>\nAdobeStock @ Drobot Dean #210791769<br \/>\nAdobeStock @ mimagephotos #141009670<br \/>\nAdobeStock @ Nadya Lukic #66194283<br \/>\nAdobeStock @ Cookie Studio #176194029<br \/>\nAdobeStock @ Drobot Dean #230284264<br \/>\nAdobeStock @ Evgenia Tiplyashina #132833503<br \/>\nAdobeStock @ juliasudnitskaya #200055512<\/p>\n<p><strong>KATEGORIEN<\/strong><br \/>\nAdobeStock @ Drobot Dean #270397534<br \/>\nAdobeStock @ jutaphoto #87048112<br \/>\nAdobeStock @ jutaphoto #128809018<br \/>\nAdobeStock @ Cookie Studio #176194029<br \/>\nAdobeStock @ Drobot Dean #270595145<br \/>\nAdobeStock @ Ann Stryzhekin #249107945<br \/>\nAdobeStock @ jackfrog #205058315<br \/>\nAdobeStock @ Drobot Dean #271731454<br \/>\nAdobeStock @ Drobot Dean #271731433<br \/>\nAdobeStock @ Drobot Dean #272639015<br \/>\nIStock @ BIHAIBO #64842593<br \/>\nIStock @logosstock<br \/>\niStock by Getty Images @ CoffeeAndMilk<\/p>\n","protected":false},"excerpt":{"rendered":"<p>Impressum INFEA GmbH Grafenm\u00fchlenweg 88 51069 K\u00f6ln Telefon: +49 (0) 221 96 35 45 0 E-Mail: team@infea-shop.de Internet: www.infea-shop.de Die INFEA GmbH wird vertreten durch den Gesch\u00e4ftsf\u00fchrer: Peter Sch\u00fctzler HRB-Nr.: 20289 | AG K\u00f6ln Zus\u00e4tzliche Hinweise: HOME AdobeStock @ jutaphoto #87048112 AdobeStock @jutaphoto #128809018 AdobeStock @ Drobot Dean #210791769 AdobeStock @ mimagephotos #141009670 AdobeStock @ [&hellip;]<\/p>\n","protected":false},"author":1,"featured_media":0,"parent":0,"menu_order":0,"comment_status":"closed","ping_status":"closed","template":"","meta":{"_acf_changed":false,"footnotes":""},"class_list":["post-63675","page","type-page","status-publish","hentry"],"acf":[],"_links":{"self":[{"href":"https:\/\/infea-shop.de\/en\/wp-json\/wp\/v2\/pages\/63675","targetHints":{"allow":["GET"]}}],"collection":[{"href":"https:\/\/infea-shop.de\/en\/wp-json\/wp\/v2\/pages"}],"about":[{"href":"https:\/\/infea-shop.de\/en\/wp-json\/wp\/v2\/types\/page"}],"author":[{"embeddable":true,"href":"https:\/\/infea-shop.de\/en\/wp-json\/wp\/v2\/users\/1"}],"replies":[{"embeddable":true,"href":"https:\/\/infea-shop.de\/en\/wp-json\/wp\/v2\/comments?post=63675"}],"version-history":[{"count":0,"href":"https:\/\/infea-shop.de\/en\/wp-json\/wp\/v2\/pages\/63675\/revisions"}],"wp:attachment":[{"href":"https:\/\/infea-shop.de\/en\/wp-json\/wp\/v2\/media?parent=63675"}],"curies":[{"name":"wp","href":"https:\/\/api.w.org\/{rel}","templated":true}]}}